{"id":5510,"date":"2025-03-24T11:58:42","date_gmt":"2025-03-24T10:58:42","guid":{"rendered":"https:\/\/alasca.cloud\/?page_id=5510"},"modified":"2025-11-12T13:00:43","modified_gmt":"2025-11-12T12:00:43","slug":"alasca-history","status":"publish","type":"page","link":"https:\/\/alasca.cloud\/en\/alasca-geschichte\/","title":{"rendered":"History"},"content":{"rendered":"<div data-elementor-type=\"wp-page\" data-elementor-id=\"5510\" class=\"elementor elementor-5510\" data-elementor-post-type=\"page\">\n\t\t\t\t<div class=\"elementor-element elementor-element-360bda4 e-flex e-con-boxed e-con e-parent\" data-id=\"360bda4\" data-element_type=\"container\" data-e-type=\"container\">\n\t\t\t\t\t<div class=\"e-con-inner\">\n\t\t<div class=\"elementor-element elementor-element-6b5e05a e-con-full e-flex e-con e-child\" data-id=\"6b5e05a\" data-element_type=\"container\" data-e-type=\"container\">\n\t\t\t\t<div class=\"elementor-element elementor-element-52ac53e elementor-widget elementor-widget-heading\" data-id=\"52ac53e\" data-element_type=\"widget\" data-e-type=\"widget\" data-widget_type=\"heading.default\">\n\t\t\t\t<div class=\"elementor-widget-container\">\n\t\t\t\t\t<h1 class=\"elementor-heading-title elementor-size-default\">ALASCA's history.<\/h1>\t\t\t\t<\/div>\n\t\t\t\t<\/div>\n\t\t\t\t<div class=\"elementor-element elementor-element-11fabd7 elementor-widget-divider--view-line elementor-widget elementor-widget-divider\" data-id=\"11fabd7\" data-element_type=\"widget\" data-e-type=\"widget\" data-widget_type=\"divider.default\">\n\t\t\t\t<div class=\"elementor-widget-container\">\n\t\t\t\t\t\t\t<div class=\"elementor-divider\">\n\t\t\t<span class=\"elementor-divider-separator\">\n\t\t\t\t\t\t<\/span>\n\t\t<\/div>\n\t\t\t\t\t\t<\/div>\n\t\t\t\t<\/div>\n\t\t\t\t<div class=\"elementor-element elementor-element-4d2447f elementor-widget elementor-widget-heading\" data-id=\"4d2447f\" data-element_type=\"widget\" data-e-type=\"widget\" data-widget_type=\"heading.default\">\n\t\t\t\t<div class=\"elementor-widget-container\">\n\t\t\t\t\t<h3 class=\"elementor-heading-title elementor-size-default\">The foundation in 2022.<\/h3>\t\t\t\t<\/div>\n\t\t\t\t<\/div>\n\t\t\t\t<div class=\"elementor-element elementor-element-cd1da92 elementor-widget elementor-widget-text-editor\" data-id=\"cd1da92\" data-element_type=\"widget\" data-e-type=\"widget\" data-widget_type=\"text-editor.default\">\n\t\t\t\t<div class=\"elementor-widget-container\">\n\t\t\t\t\t\t\t\t\t<p><a href=\"https:\/\/alasca.cloud\/en\/projects\/yaook\/\" target=\"_blank\" rel=\"noopener\">Yaook<\/a> is not only ALASCA's original project, but also laid the foundation for the creation of the association: ALASCA's founding members <a href=\"https:\/\/www.cloudandheat.com\/\" target=\"_blank\" rel=\"noopener\" data-wplink-edit=\"true\">Cloud&amp;Heat Technologies<\/a> and <a href=\"https:\/\/www.stackit.de\/de\/\" target=\"_blank\" rel=\"noopener\">STACKIT<\/a> have been developing the jointly initiated open source tool since the end of 2020; and as the community grew and the tool was increasingly adapted, the desire to decouple Yaook from the two companies and set it up on its own grew - not least in order to promote independent further development.<\/p>\t\t\t\t\t\t\t\t<\/div>\n\t\t\t\t<\/div>\n\t\t\t\t<div class=\"elementor-element elementor-element-770c498 elementor-widget elementor-widget-text-editor\" data-id=\"770c498\" data-element_type=\"widget\" data-e-type=\"widget\" data-widget_type=\"text-editor.default\">\n\t\t\t\t<div class=\"elementor-widget-container\">\n\t\t\t\t\t\t\t\t\t<p>The idea for ALASCA was born - and with it the clear goal of including other open-source projects that enable the construction and operation of cloud infrastructures in the association alongside Yaook, thereby contributing to strengthening the digital sovereignty of Germany and Europe.<\/p>\t\t\t\t\t\t\t\t<\/div>\n\t\t\t\t<\/div>\n\t\t\t\t<div class=\"elementor-element elementor-element-bfaa64e elementor-widget elementor-widget-text-editor\" data-id=\"bfaa64e\" data-element_type=\"widget\" data-e-type=\"widget\" data-widget_type=\"text-editor.default\">\n\t\t\t\t<div class=\"elementor-widget-container\">\n\t\t\t\t\t\t\t\t\t<p>In September 2022, the founding meeting took place in Dresden, at which the seven founding companies <a href=\"https:\/\/www.cloudandheat.com\/\" target=\"_blank\" rel=\"noopener\">Cloud&amp;Heat Technologies<\/a>, <a href=\"https:\/\/www.cyberus-technology.de\/en\" target=\"_blank\" rel=\"noopener\">Cyberus Technology<\/a>, <a href=\"https:\/\/d3tn.com\/\" target=\"_blank\" rel=\"noopener\">D3TN<\/a>, <a href=\"https:\/\/dnation.cloud\/\" target=\"_blank\" rel=\"noopener\">dNation<\/a>, <a href=\"https:\/\/www.secunet.com\/\" target=\"_blank\" rel=\"noopener\">secunet<\/a>, secustack and <a href=\"https:\/\/www.stackit.de\/de\/\" target=\"_blank\" rel=\"noopener\">STACKIT<\/a> solemnly and full of motivation sealed the start of ALASCA. A few weeks later - in January 2023 - we finally went public and presented ALASCA to the world for the first time.<\/p>\t\t\t\t\t\t\t\t<\/div>\n\t\t\t\t<\/div>\n\t\t\t\t<div class=\"elementor-element elementor-element-8833b7c elementor-widget elementor-widget-spacer\" data-id=\"8833b7c\" data-element_type=\"widget\" data-e-type=\"widget\" data-widget_type=\"spacer.default\">\n\t\t\t\t<div class=\"elementor-widget-container\">\n\t\t\t\t\t\t\t<div class=\"elementor-spacer\">\n\t\t\t<div class=\"elementor-spacer-inner\"><\/div>\n\t\t<\/div>\n\t\t\t\t\t\t<\/div>\n\t\t\t\t<\/div>\n\t\t\t\t<div class=\"elementor-element elementor-element-e6d632f elementor-widget elementor-widget-heading\" data-id=\"e6d632f\" data-element_type=\"widget\" data-e-type=\"widget\" data-widget_type=\"heading.default\">\n\t\t\t\t<div class=\"elementor-widget-container\">\n\t\t\t\t\t<h3 class=\"elementor-heading-title elementor-size-default\">ALASCA Tech-Talks.<\/h3>\t\t\t\t<\/div>\n\t\t\t\t<\/div>\n\t\t\t\t<div class=\"elementor-element elementor-element-9ea83b3 elementor-widget elementor-widget-text-editor\" data-id=\"9ea83b3\" data-element_type=\"widget\" data-e-type=\"widget\" data-widget_type=\"text-editor.default\">\n\t\t\t\t<div class=\"elementor-widget-container\">\n\t\t\t\t\t\t\t\t\t<p>The launch of ALASCA also saw the creation of the ALASCA Tech Talks - our monthly online format in which open source technologies and other exciting developments from the cloud infrastructure context are presented and discussed.<\/p>\t\t\t\t\t\t\t\t<\/div>\n\t\t\t\t<\/div>\n\t\t\t\t<div class=\"elementor-element elementor-element-e7b0d9d alasca-button-icon elementor-tablet-align-justify elementor-widget elementor-widget-button\" data-id=\"e7b0d9d\" data-element_type=\"widget\" data-e-type=\"widget\" data-widget_type=\"button.default\">\n\t\t\t\t<div class=\"elementor-widget-container\">\n\t\t\t\t\t\t\t\t\t<div class=\"elementor-button-wrapper\">\n\t\t\t\t\t<a class=\"elementor-button elementor-button-link elementor-size-lg\" href=\"https:\/\/alasca.cloud\/en\/alasca-tech-talks\/\">\n\t\t\t\t\t\t<span class=\"elementor-button-content-wrapper\">\n\t\t\t\t\t\t<span class=\"elementor-button-icon\">\n\t\t\t\t<svg xmlns=\"http:\/\/www.w3.org\/2000\/svg\" xmlns:xlink=\"http:\/\/www.w3.org\/1999\/xlink\" id=\"Pfeil_d\" x=\"0px\" y=\"0px\" viewbox=\"0 0 550 550\" style=\"enable-background:new 0 0 550 550;\" xml:space=\"preserve\"><style type=\"text\/css\">\t.st0{fill:#243746;}<\/style><path class=\"st0\" d=\"M208.8,541c-4.7,0-9.4-1.2-13.8-3.7c-13.2-7.6-17.7-24.5-10.1-37.7l128.8-223L183.1,50.4 c-7.6-13.2-3.1-30.1,10.1-37.7c13.2-7.6,30.1-3.1,37.7,10.1l133.9,231.9c7.8,13.5,7.8,30.3,0,43.8L232.7,527.2 C227.6,536,218.3,541,208.8,541z M317,282.3L317,282.3L317,282.3z\"><\/path><\/svg>\t\t\t<\/span>\n\t\t\t\t\t\t\t\t\t<span class=\"elementor-button-text\">Tech-talks<\/span>\n\t\t\t\t\t<\/span>\n\t\t\t\t\t<\/a>\n\t\t\t\t<\/div>\n\t\t\t\t\t\t\t\t<\/div>\n\t\t\t\t<\/div>\n\t\t\t\t<div class=\"elementor-element elementor-element-76038b7 elementor-widget elementor-widget-spacer\" data-id=\"76038b7\" data-element_type=\"widget\" data-e-type=\"widget\" data-widget_type=\"spacer.default\">\n\t\t\t\t<div class=\"elementor-widget-container\">\n\t\t\t\t\t\t\t<div class=\"elementor-spacer\">\n\t\t\t<div class=\"elementor-spacer-inner\"><\/div>\n\t\t<\/div>\n\t\t\t\t\t\t<\/div>\n\t\t\t\t<\/div>\n\t\t\t\t<div class=\"elementor-element elementor-element-d577b90 elementor-widget elementor-widget-heading\" data-id=\"d577b90\" data-element_type=\"widget\" data-e-type=\"widget\" data-widget_type=\"heading.default\">\n\t\t\t\t<div class=\"elementor-widget-container\">\n\t\t\t\t\t<h3 class=\"elementor-heading-title elementor-size-default\">New projects and a first award.<\/h3>\t\t\t\t<\/div>\n\t\t\t\t<\/div>\n\t\t\t\t<div class=\"elementor-element elementor-element-6539c14 elementor-widget elementor-widget-text-editor\" data-id=\"6539c14\" data-element_type=\"widget\" data-e-type=\"widget\" data-widget_type=\"text-editor.default\">\n\t\t\t\t<div class=\"elementor-widget-container\">\n\t\t\t\t\t\t\t\t\t<p>While ALASCA presented itself at various events such as CloudFest in its first year as an association, work also progressed within the association; this mainly centred on the governance of the association - for example with regard to the establishment of a Technical Steering Committee - as well as the initial preparations for the inclusion of new projects. And so, at the end of 2023, we not only looked back on an exciting first year, but also concluded it with the launch of the second ALASCA project: the Workload Orchestrator Krake officially became part of the association.<\/p>\t\t\t\t\t\t\t\t<\/div>\n\t\t\t\t<\/div>\n\t\t\t\t<div class=\"elementor-element elementor-element-875d35a elementor-widget elementor-widget-text-editor\" data-id=\"875d35a\" data-element_type=\"widget\" data-e-type=\"widget\" data-widget_type=\"text-editor.default\">\n\t\t\t\t<div class=\"elementor-widget-container\">\n\t\t\t\t\t\t\t\t\tThis was immediately followed at the beginning of 2024 by the inclusion of the Kubernetes engine Yake - and the image of an association that focuses on the development of operational open source technologies for the construction and operation of cloud infrastructures slowly began to emerge. It was therefore all the more pleasing that Krake won the Saxon Digital Award 2024 in the Open Source category in April, something we are still very proud of today.\n\t\t\t\t\t\t\t\t<\/div>\n\t\t\t\t<\/div>\n\t\t\t\t<div class=\"elementor-element elementor-element-697175b alasca-button-icon elementor-tablet-align-justify elementor-widget elementor-widget-button\" data-id=\"697175b\" data-element_type=\"widget\" data-e-type=\"widget\" data-widget_type=\"button.default\">\n\t\t\t\t<div class=\"elementor-widget-container\">\n\t\t\t\t\t\t\t\t\t<div class=\"elementor-button-wrapper\">\n\t\t\t\t\t<a class=\"elementor-button elementor-button-link elementor-size-lg\" href=\"https:\/\/alasca.cloud\/en\/our-projects\/\">\n\t\t\t\t\t\t<span class=\"elementor-button-content-wrapper\">\n\t\t\t\t\t\t<span class=\"elementor-button-icon\">\n\t\t\t\t<svg xmlns=\"http:\/\/www.w3.org\/2000\/svg\" xmlns:xlink=\"http:\/\/www.w3.org\/1999\/xlink\" id=\"Pfeil_d\" x=\"0px\" y=\"0px\" viewbox=\"0 0 550 550\" style=\"enable-background:new 0 0 550 550;\" xml:space=\"preserve\"><style type=\"text\/css\">\t.st0{fill:#243746;}<\/style><path class=\"st0\" d=\"M208.8,541c-4.7,0-9.4-1.2-13.8-3.7c-13.2-7.6-17.7-24.5-10.1-37.7l128.8-223L183.1,50.4 c-7.6-13.2-3.1-30.1,10.1-37.7c13.2-7.6,30.1-3.1,37.7,10.1l133.9,231.9c7.8,13.5,7.8,30.3,0,43.8L232.7,527.2 C227.6,536,218.3,541,208.8,541z M317,282.3L317,282.3L317,282.3z\"><\/path><\/svg>\t\t\t<\/span>\n\t\t\t\t\t\t\t\t\t<span class=\"elementor-button-text\">projects<\/span>\n\t\t\t\t\t<\/span>\n\t\t\t\t\t<\/a>\n\t\t\t\t<\/div>\n\t\t\t\t\t\t\t\t<\/div>\n\t\t\t\t<\/div>\n\t\t\t\t<div class=\"elementor-element elementor-element-6389232 elementor-widget elementor-widget-spacer\" data-id=\"6389232\" data-element_type=\"widget\" data-e-type=\"widget\" data-widget_type=\"spacer.default\">\n\t\t\t\t<div class=\"elementor-widget-container\">\n\t\t\t\t\t\t\t<div class=\"elementor-spacer\">\n\t\t\t<div class=\"elementor-spacer-inner\"><\/div>\n\t\t<\/div>\n\t\t\t\t\t\t<\/div>\n\t\t\t\t<\/div>\n\t\t\t\t<div class=\"elementor-element elementor-element-6ac4db3 elementor-widget elementor-widget-heading\" data-id=\"6ac4db3\" data-element_type=\"widget\" data-e-type=\"widget\" data-widget_type=\"heading.default\">\n\t\t\t\t<div class=\"elementor-widget-container\">\n\t\t\t\t\t<h3 class=\"elementor-heading-title elementor-size-default\">The first ALASCA Summit 2024.<\/h3>\t\t\t\t<\/div>\n\t\t\t\t<\/div>\n\t\t\t\t<div class=\"elementor-element elementor-element-5b7fe49 elementor-widget elementor-widget-text-editor\" data-id=\"5b7fe49\" data-element_type=\"widget\" data-e-type=\"widget\" data-widget_type=\"text-editor.default\">\n\t\t\t\t<div class=\"elementor-widget-container\">\n\t\t\t\t\t\t\t\t\t<p>2024 was also to be the year in which another major milestone was reached: The first ALASCA Summit took place on 29 and 30 October in Dresden and with around 100 participants, we gathered for two exciting days of presentations, workshops and lots of fun and games at the German Hygiene Museum.<\/p>\t\t\t\t\t\t\t\t<\/div>\n\t\t\t\t<\/div>\n\t\t\t\t<div class=\"elementor-element elementor-element-031d8d1 elementor-widget elementor-widget-spacer\" data-id=\"031d8d1\" data-element_type=\"widget\" data-e-type=\"widget\" data-widget_type=\"spacer.default\">\n\t\t\t\t<div class=\"elementor-widget-container\">\n\t\t\t\t\t\t\t<div class=\"elementor-spacer\">\n\t\t\t<div class=\"elementor-spacer-inner\"><\/div>\n\t\t<\/div>\n\t\t\t\t\t\t<\/div>\n\t\t\t\t<\/div>\n\t\t\t\t<div class=\"elementor-element elementor-element-de05910 elementor-widget elementor-widget-heading\" data-id=\"de05910\" data-element_type=\"widget\" data-e-type=\"widget\" data-widget_type=\"heading.default\">\n\t\t\t\t<div class=\"elementor-widget-container\">\n\t\t\t\t\t<h3 class=\"elementor-heading-title elementor-size-default\">Funded by the Free State of Saxony.<\/h3>\t\t\t\t<\/div>\n\t\t\t\t<\/div>\n\t\t\t\t<div class=\"elementor-element elementor-element-36a532a elementor-widget elementor-widget-text-editor\" data-id=\"36a532a\" data-element_type=\"widget\" data-e-type=\"widget\" data-widget_type=\"text-editor.default\">\n\t\t\t\t<div class=\"elementor-widget-container\">\n\t\t\t\t\t\t\t\t\t<p>We closed 2024 with another piece of great and groundbreaking news for ALASCA: The association was awarded a grant of 734,000 euros from the Saxon State Ministry of Economic Affairs, Labour and Transport (SMWA), which aims to drive forward the further development, piloting and dissemination of open source software and standards for cloud services within the Saxon ecosystem, with the deepening of our collaboration with the Sovereign Cloud Stack also playing a central role.<\/p>\t\t\t\t\t\t\t\t<\/div>\n\t\t\t\t<\/div>\n\t\t\t\t<div class=\"elementor-element elementor-element-2c9d7c2 elementor-widget elementor-widget-text-editor\" data-id=\"2c9d7c2\" data-element_type=\"widget\" data-e-type=\"widget\" data-widget_type=\"text-editor.default\">\n\t\t\t\t<div class=\"elementor-widget-container\">\n\t\t\t\t\t\t\t\t\t<p>The funding project has been running under the name FOCIS since the beginning of 2025 and has also enabled ALASCA to hire its first employees.<\/p>\t\t\t\t\t\t\t\t<\/div>\n\t\t\t\t<\/div>\n\t\t\t\t<div class=\"elementor-element elementor-element-435daa5 alasca-button-icon elementor-tablet-align-justify elementor-widget elementor-widget-button\" data-id=\"435daa5\" data-element_type=\"widget\" data-e-type=\"widget\" data-widget_type=\"button.default\">\n\t\t\t\t<div class=\"elementor-widget-container\">\n\t\t\t\t\t\t\t\t\t<div class=\"elementor-button-wrapper\">\n\t\t\t\t\t<a class=\"elementor-button elementor-button-link elementor-size-lg\" href=\"https:\/\/alasca.cloud\/en\/focis\/\">\n\t\t\t\t\t\t<span class=\"elementor-button-content-wrapper\">\n\t\t\t\t\t\t<span class=\"elementor-button-icon\">\n\t\t\t\t<svg xmlns=\"http:\/\/www.w3.org\/2000\/svg\" xmlns:xlink=\"http:\/\/www.w3.org\/1999\/xlink\" id=\"Pfeil_d\" x=\"0px\" y=\"0px\" viewbox=\"0 0 550 550\" style=\"enable-background:new 0 0 550 550;\" xml:space=\"preserve\"><style type=\"text\/css\">\t.st0{fill:#243746;}<\/style><path class=\"st0\" d=\"M208.8,541c-4.7,0-9.4-1.2-13.8-3.7c-13.2-7.6-17.7-24.5-10.1-37.7l128.8-223L183.1,50.4 c-7.6-13.2-3.1-30.1,10.1-37.7c13.2-7.6,30.1-3.1,37.7,10.1l133.9,231.9c7.8,13.5,7.8,30.3,0,43.8L232.7,527.2 C227.6,536,218.3,541,208.8,541z M317,282.3L317,282.3L317,282.3z\"><\/path><\/svg>\t\t\t<\/span>\n\t\t\t\t\t\t\t\t\t<span class=\"elementor-button-text\">More about FOCIS<\/span>\n\t\t\t\t\t<\/span>\n\t\t\t\t\t<\/a>\n\t\t\t\t<\/div>\n\t\t\t\t\t\t\t\t<\/div>\n\t\t\t\t<\/div>\n\t\t\t\t<div class=\"elementor-element elementor-element-41fdb9f elementor-widget elementor-widget-spacer\" data-id=\"41fdb9f\" data-element_type=\"widget\" data-e-type=\"widget\" data-widget_type=\"spacer.default\">\n\t\t\t\t<div class=\"elementor-widget-container\">\n\t\t\t\t\t\t\t<div class=\"elementor-spacer\">\n\t\t\t<div class=\"elementor-spacer-inner\"><\/div>\n\t\t<\/div>\n\t\t\t\t\t\t<\/div>\n\t\t\t\t<\/div>\n\t\t\t\t<\/div>\n\t\t\t\t\t<\/div>\n\t\t\t\t<\/div>\n\t\t\t\t<\/div>","protected":false},"excerpt":{"rendered":"<p>ALASCAs Geschichte. Die Gr\u00fcndung im Jahr 2022. Yaook ist nicht nur das Urprojekt ALASCAs, sondern hat auch den Grundstein f\u00fcr die Entstehung des Vereins gelegt: ALASCAs Gr\u00fcndungsmitglieder Cloud&amp;Heat Technologies und [&hellip;]<\/p>\n","protected":false},"author":2,"featured_media":0,"parent":0,"menu_order":0,"comment_status":"closed","ping_status":"closed","template":"","meta":{"_acf_changed":false,"inline_featured_image":false,"_price":"","_stock":"","_tribe_ticket_header":"","_tribe_default_ticket_provider":"","_ticket_start_date":"","_ticket_end_date":"","_tribe_ticket_show_description":"","_tribe_ticket_show_not_going":false,"_tribe_ticket_use_global_stock":"","_tribe_ticket_global_stock_level":"","_global_stock_mode":"","_global_stock_cap":"","_tribe_rsvp_for_event":"","_tribe_ticket_going_count":"","_tribe_ticket_not_going_count":"","_tribe_tickets_list":"[]","_tribe_ticket_has_attendee_info_fields":false,"footnotes":"","_tec_slr_enabled":"","_tec_slr_layout":""},"class_list":["post-5510","page","type-page","status-publish","hentry"],"acf":[],"yoast_head":"<!-- This site is optimized with the Yoast SEO plugin v27.1.1 - https:\/\/yoast.com\/product\/yoast-seo-wordpress\/ -->\n<title>Geschichte &#187; ALASCA<\/title>\n<meta name=\"description\" content=\"ALASCA Geschichte | Yaook als Urpojekt | Gr\u00fcndung des Vereins im Jahr 2022 | Begtriebsf\u00e4hige Open-Source-Projekte\" \/>\n<meta name=\"robots\" content=\"index, follow, max-snippet:-1, max-image-preview:large, max-video-preview:-1\" \/>\n<link rel=\"canonical\" href=\"https:\/\/alasca.cloud\/en\/alasca-history\/\" \/>\n<meta property=\"og:locale\" content=\"en_GB\" \/>\n<meta property=\"og:type\" content=\"article\" \/>\n<meta property=\"og:title\" content=\"Geschichte &#187; ALASCA\" \/>\n<meta property=\"og:description\" content=\"ALASCA Geschichte | Yaook als Urpojekt | Gr\u00fcndung des Vereins im Jahr 2022 | Begtriebsf\u00e4hige Open-Source-Projekte\" \/>\n<meta property=\"og:url\" content=\"https:\/\/alasca.cloud\/en\/alasca-history\/\" \/>\n<meta property=\"og:site_name\" content=\"ALASCA\" \/>\n<meta property=\"article:modified_time\" content=\"2025-11-12T12:00:43+00:00\" \/>\n<meta name=\"twitter:card\" content=\"summary_large_image\" \/>\n<meta name=\"twitter:label1\" content=\"Estimated reading time\" \/>\n\t<meta name=\"twitter:data1\" content=\"3 minutes\" \/>\n<script type=\"application\/ld+json\" class=\"yoast-schema-graph\">{\"@context\":\"https:\/\/schema.org\",\"@graph\":[{\"@type\":\"WebPage\",\"@id\":\"https:\/\/alasca.cloud\/alasca-geschichte\/\",\"url\":\"https:\/\/alasca.cloud\/alasca-geschichte\/\",\"name\":\"Geschichte &#187; ALASCA\",\"isPartOf\":{\"@id\":\"https:\/\/alasca.cloud\/#website\"},\"datePublished\":\"2025-03-24T10:58:42+00:00\",\"dateModified\":\"2025-11-12T12:00:43+00:00\",\"description\":\"ALASCA Geschichte | Yaook als Urpojekt | Gr\u00fcndung des Vereins im Jahr 2022 | Begtriebsf\u00e4hige Open-Source-Projekte\",\"breadcrumb\":{\"@id\":\"https:\/\/alasca.cloud\/alasca-geschichte\/#breadcrumb\"},\"inLanguage\":\"en-GB\",\"potentialAction\":[{\"@type\":\"ReadAction\",\"target\":[\"https:\/\/alasca.cloud\/alasca-geschichte\/\"]}]},{\"@type\":\"BreadcrumbList\",\"@id\":\"https:\/\/alasca.cloud\/alasca-geschichte\/#breadcrumb\",\"itemListElement\":[{\"@type\":\"ListItem\",\"position\":1,\"name\":\"Startseite\",\"item\":\"https:\/\/alasca.cloud\/\"},{\"@type\":\"ListItem\",\"position\":2,\"name\":\"Geschichte\"}]},{\"@type\":\"WebSite\",\"@id\":\"https:\/\/alasca.cloud\/#website\",\"url\":\"https:\/\/alasca.cloud\/\",\"name\":\"ALASCA\",\"description\":\"Verband f\u00fcr betriebsf\u00e4hige, offene Cloud-Infrastsrukturen e.V.\",\"publisher\":{\"@id\":\"https:\/\/alasca.cloud\/#organization\"},\"potentialAction\":[{\"@type\":\"SearchAction\",\"target\":{\"@type\":\"EntryPoint\",\"urlTemplate\":\"https:\/\/alasca.cloud\/?s={search_term_string}\"},\"query-input\":{\"@type\":\"PropertyValueSpecification\",\"valueRequired\":true,\"valueName\":\"search_term_string\"}}],\"inLanguage\":\"en-GB\"},{\"@type\":\"Organization\",\"@id\":\"https:\/\/alasca.cloud\/#organization\",\"name\":\"ALASCA e.V.\",\"alternateName\":\"Alasca - Verband f\u00fcr betriebsf\u00e4hige, offene Cloud-Infrastrukturen e.V.\",\"url\":\"https:\/\/alasca.cloud\/\",\"logo\":{\"@type\":\"ImageObject\",\"inLanguage\":\"en-GB\",\"@id\":\"https:\/\/alasca.cloud\/#\/schema\/logo\/image\/\",\"url\":\"https:\/\/alasca.cloud\/wp-content\/uploads\/2022\/08\/favicon.png\",\"contentUrl\":\"https:\/\/alasca.cloud\/wp-content\/uploads\/2022\/08\/favicon.png\",\"width\":512,\"height\":512,\"caption\":\"ALASCA e.V.\"},\"image\":{\"@id\":\"https:\/\/alasca.cloud\/#\/schema\/logo\/image\/\"}}]}<\/script>\n<!-- \/ Yoast SEO plugin. -->","yoast_head_json":{"title":"History \" ALASCA","description":"ALASCA history | Yaook as the original project | Foundation of the association in 2022 | Operational open source projects","robots":{"index":"index","follow":"follow","max-snippet":"max-snippet:-1","max-image-preview":"max-image-preview:large","max-video-preview":"max-video-preview:-1"},"canonical":"https:\/\/alasca.cloud\/en\/alasca-history\/","og_locale":"en_GB","og_type":"article","og_title":"Geschichte &#187; ALASCA","og_description":"ALASCA Geschichte | Yaook als Urpojekt | Gr\u00fcndung des Vereins im Jahr 2022 | Begtriebsf\u00e4hige Open-Source-Projekte","og_url":"https:\/\/alasca.cloud\/en\/alasca-history\/","og_site_name":"ALASCA","article_modified_time":"2025-11-12T12:00:43+00:00","twitter_card":"summary_large_image","twitter_misc":{"Estimated reading time":"3 minutes"},"schema":{"@context":"https:\/\/schema.org","@graph":[{"@type":"WebPage","@id":"https:\/\/alasca.cloud\/alasca-geschichte\/","url":"https:\/\/alasca.cloud\/alasca-geschichte\/","name":"History \" ALASCA","isPartOf":{"@id":"https:\/\/alasca.cloud\/#website"},"datePublished":"2025-03-24T10:58:42+00:00","dateModified":"2025-11-12T12:00:43+00:00","description":"ALASCA history | Yaook as the original project | Foundation of the association in 2022 | Operational open source projects","breadcrumb":{"@id":"https:\/\/alasca.cloud\/alasca-geschichte\/#breadcrumb"},"inLanguage":"en-GB","potentialAction":[{"@type":"ReadAction","target":["https:\/\/alasca.cloud\/alasca-geschichte\/"]}]},{"@type":"BreadcrumbList","@id":"https:\/\/alasca.cloud\/alasca-geschichte\/#breadcrumb","itemListElement":[{"@type":"ListItem","position":1,"name":"Startseite","item":"https:\/\/alasca.cloud\/"},{"@type":"ListItem","position":2,"name":"Geschichte"}]},{"@type":"WebSite","@id":"https:\/\/alasca.cloud\/#website","url":"https:\/\/alasca.cloud\/","name":"ALASCA","description":"Association for Operable, Open Cloud Infrastructures e.V.","publisher":{"@id":"https:\/\/alasca.cloud\/#organization"},"potentialAction":[{"@type":"SearchAction","target":{"@type":"EntryPoint","urlTemplate":"https:\/\/alasca.cloud\/?s={search_term_string}"},"query-input":{"@type":"PropertyValueSpecification","valueRequired":true,"valueName":"search_term_string"}}],"inLanguage":"en-GB"},{"@type":"Organization","@id":"https:\/\/alasca.cloud\/#organization","name":"ALASCA e.V.","alternateName":"Alasca - Verband f\u00fcr betriebsf\u00e4hige, offene Cloud-Infrastrukturen e.V.","url":"https:\/\/alasca.cloud\/","logo":{"@type":"ImageObject","inLanguage":"en-GB","@id":"https:\/\/alasca.cloud\/#\/schema\/logo\/image\/","url":"https:\/\/alasca.cloud\/wp-content\/uploads\/2022\/08\/favicon.png","contentUrl":"https:\/\/alasca.cloud\/wp-content\/uploads\/2022\/08\/favicon.png","width":512,"height":512,"caption":"ALASCA e.V."},"image":{"@id":"https:\/\/alasca.cloud\/#\/schema\/logo\/image\/"}}]}},"ticketed":false,"_links":{"self":[{"href":"https:\/\/alasca.cloud\/en\/wp-json\/wp\/v2\/pages\/5510","targetHints":{"allow":["GET"]}}],"collection":[{"href":"https:\/\/alasca.cloud\/en\/wp-json\/wp\/v2\/pages"}],"about":[{"href":"https:\/\/alasca.cloud\/en\/wp-json\/wp\/v2\/types\/page"}],"author":[{"embeddable":true,"href":"https:\/\/alasca.cloud\/en\/wp-json\/wp\/v2\/users\/2"}],"replies":[{"embeddable":true,"href":"https:\/\/alasca.cloud\/en\/wp-json\/wp\/v2\/comments?post=5510"}],"version-history":[{"count":3,"href":"https:\/\/alasca.cloud\/en\/wp-json\/wp\/v2\/pages\/5510\/revisions"}],"predecessor-version":[{"id":7269,"href":"https:\/\/alasca.cloud\/en\/wp-json\/wp\/v2\/pages\/5510\/revisions\/7269"}],"wp:attachment":[{"href":"https:\/\/alasca.cloud\/en\/wp-json\/wp\/v2\/media?parent=5510"}],"curies":[{"name":"wp","href":"https:\/\/api.w.org\/{rel}","templated":true}]}}