{"id":7747,"date":"2026-02-18T11:39:17","date_gmt":"2026-02-18T10:39:17","guid":{"rendered":"https:\/\/alasca.cloud\/?page_id=7747"},"modified":"2026-03-02T09:36:28","modified_gmt":"2026-03-02T08:36:28","slug":"alasca-summit-2026-tickets","status":"publish","type":"page","link":"https:\/\/alasca.cloud\/en\/alasca-summit-2026\/alasca-summit-2026-tickets\/","title":{"rendered":"Tickets"},"content":{"rendered":"<div data-elementor-type=\"wp-page\" data-elementor-id=\"7747\" class=\"elementor elementor-7747\" data-elementor-post-type=\"page\">\n\t\t\t\t<div class=\"elementor-element elementor-element-0c793db e-flex e-con-boxed e-con e-parent\" data-id=\"0c793db\" data-element_type=\"container\" data-e-type=\"container\">\n\t\t\t\t\t<div class=\"e-con-inner\">\n\t\t<div class=\"elementor-element elementor-element-e78c134 e-con-full e-flex e-con e-child\" data-id=\"e78c134\" data-element_type=\"container\" data-e-type=\"container\">\n\t\t\t\t<div class=\"elementor-element elementor-element-ce4117d elementor-widget elementor-widget-heading\" data-id=\"ce4117d\" data-element_type=\"widget\" data-e-type=\"widget\" data-widget_type=\"heading.default\">\n\t\t\t\t<div class=\"elementor-widget-container\">\n\t\t\t\t\t<h2 class=\"elementor-heading-title elementor-size-default\">ALASCA Summit 2026 \u2013 Tickets.\n\n<\/h2>\t\t\t\t<\/div>\n\t\t\t\t<\/div>\n\t\t\t\t<div class=\"elementor-element elementor-element-a2401f9 elementor-widget-divider--view-line elementor-widget elementor-widget-divider\" data-id=\"a2401f9\" data-element_type=\"widget\" data-e-type=\"widget\" data-widget_type=\"divider.default\">\n\t\t\t\t<div class=\"elementor-widget-container\">\n\t\t\t\t\t\t\t<div class=\"elementor-divider\">\n\t\t\t<span class=\"elementor-divider-separator\">\n\t\t\t\t\t\t<\/span>\n\t\t<\/div>\n\t\t\t\t\t\t<\/div>\n\t\t\t\t<\/div>\n\t\t<div class=\"elementor-element elementor-element-6bba181 e-con-full e-flex e-con e-child\" data-id=\"6bba181\" data-element_type=\"container\" data-e-type=\"container\">\n\t\t\t\t<div class=\"elementor-element elementor-element-1262ab6 elementor-widget elementor-widget-html\" data-id=\"1262ab6\" data-element_type=\"widget\" data-e-type=\"widget\" data-widget_type=\"html.default\">\n\t\t\t\t<div class=\"elementor-widget-container\">\n\t\t\t\t\t<link rel=\"stylesheet\" type=\"text\/css\" href=\"https:\/\/pretix.eu\/ALASCA\/summit-2026\/widget\/v2.css\" crossorigin>\n<script type=\"text\/javascript\" src=\"https:\/\/pretix.eu\/widget\/v2.en.js\" async crossorigin><\/script>\t\t\t\t<\/div>\n\t\t\t\t<\/div>\n\t\t\t\t<\/div>\n\t\t\t\t<div class=\"elementor-element elementor-element-2416cb2 elementor-widget elementor-widget-text-editor\" data-id=\"2416cb2\" data-element_type=\"widget\" data-e-type=\"widget\" data-widget_type=\"text-editor.default\">\n\t\t\t\t<div class=\"elementor-widget-container\">\n\t\t\t\t\t\t\t\t\t<p dir=\"auto\">Thank you for your interest in attending the ALASCA Summit 2026. If you would like to secure a place, register here for your free ticket. Please note that we have limited capacity and registration is only possible once per person.<\/p><p dir=\"auto\">During the registration process, we would like to know the following things about you:<\/p>\t\t\t\t\t\t\t\t<\/div>\n\t\t\t\t<\/div>\n\t\t\t\t<div class=\"elementor-element elementor-element-7b78f43 elementor-widget elementor-widget-text-editor\" data-id=\"7b78f43\" data-element_type=\"widget\" data-e-type=\"widget\" data-widget_type=\"text-editor.default\">\n\t\t\t\t<div class=\"elementor-widget-container\">\n\t\t\t\t\t\t\t\t\t<ul dir=\"auto\"><li>Let us know if you are planning to attend the <span style=\"color: #a7f320;\"><strong>informal pre-evening event on 02 November 2026.<\/strong> <\/span>This information will help us with the planning.<\/li><li>Let us know if you are planning to attend the <span style=\"color: #a7f320;\"><strong>evening event on the 1st day of the ALASCA Summit<\/strong><\/span> (3 November 2026). This information will help us with the planning.<\/li><li>Let us know if you would like to order a <span style=\"color: #a7f320;\"><strong>ALASCA Summit 2026 t-shirt<\/strong><\/span>, which you will receive from us at the event.<\/li><\/ul>\t\t\t\t\t\t\t\t<\/div>\n\t\t\t\t<\/div>\n\t\t\t\t<div class=\"elementor-element elementor-element-6f09ffb elementor-widget elementor-widget-text-editor\" data-id=\"6f09ffb\" data-element_type=\"widget\" data-e-type=\"widget\" data-widget_type=\"text-editor.default\">\n\t\t\t\t<div class=\"elementor-widget-container\">\n\t\t\t\t\t\t\t\t\t<p dir=\"auto\">To complete the registration we need your first and last name as well as the name of your organisation and an e-mail address. We use the tool <a href=\"https:\/\/pretix.eu\/ALASCA\/summit-2026\/\" target=\"_blank\" rel=\"noopener\"><u>Pretix<\/u> <\/a>for the registration. Further information on the processing of your data can be found in the next steps of the registration process.<\/p>\t\t\t\t\t\t\t\t<\/div>\n\t\t\t\t<\/div>\n\t\t<div class=\"elementor-element elementor-element-c4815fd e-con-full e-flex e-con e-child\" data-id=\"c4815fd\" data-element_type=\"container\" data-e-type=\"container\">\n\t\t\t\t<div class=\"elementor-element elementor-element-44dd681 elementor-widget elementor-widget-html\" data-id=\"44dd681\" data-element_type=\"widget\" data-e-type=\"widget\" data-widget_type=\"html.default\">\n\t\t\t\t<div class=\"elementor-widget-container\">\n\t\t\t\t\t<pretix-widget event=\"https:\/\/pretix.eu\/ALASCA\/summit-2026\/\"><\/pretix-widget>\n<noscript>\n   <div class=\"pretix-widget\">\n        <div class=\"pretix-widget-info-message\">\n            JavaScript is deactivated in your browser. To access our ticket shop without JavaScript, please click <a target=\"_blank\" rel=\"noopener\" href=\"https:\/\/pretix.eu\/ALASCA\/summit-2026\/\">here<\/a>.\n        <\/div>\n    <\/div>\n<\/noscript>\t\t\t\t<\/div>\n\t\t\t\t<\/div>\n\t\t\t\t<\/div>\n\t\t\t\t<\/div>\n\t\t\t\t\t<\/div>\n\t\t\t\t<\/div>\n\t\t<div class=\"elementor-element elementor-element-16a7e63 e-flex e-con-boxed e-con e-parent\" data-id=\"16a7e63\" data-element_type=\"container\" data-e-type=\"container\">\n\t\t\t\t\t<div class=\"e-con-inner\">\n\t\t<div class=\"elementor-element elementor-element-e58ba1c e-con-full e-flex e-con e-child\" data-id=\"e58ba1c\" data-element_type=\"container\" data-e-type=\"container\">\n\t\t\t\t<div class=\"elementor-element elementor-element-9c17602 elementor-widget-divider--view-line elementor-widget elementor-widget-divider\" data-id=\"9c17602\" data-element_type=\"widget\" data-e-type=\"widget\" data-widget_type=\"divider.default\">\n\t\t\t\t<div class=\"elementor-widget-container\">\n\t\t\t\t\t\t\t<div class=\"elementor-divider\">\n\t\t\t<span class=\"elementor-divider-separator\">\n\t\t\t\t\t\t<\/span>\n\t\t<\/div>\n\t\t\t\t\t\t<\/div>\n\t\t\t\t<\/div>\n\t\t\t\t<div class=\"elementor-element elementor-element-c23c759 elementor-widget elementor-widget-spacer\" data-id=\"c23c759\" data-element_type=\"widget\" data-e-type=\"widget\" data-widget_type=\"spacer.default\">\n\t\t\t\t<div class=\"elementor-widget-container\">\n\t\t\t\t\t\t\t<div class=\"elementor-spacer\">\n\t\t\t<div class=\"elementor-spacer-inner\"><\/div>\n\t\t<\/div>\n\t\t\t\t\t\t<\/div>\n\t\t\t\t<\/div>\n\t\t<div class=\"elementor-element elementor-element-52fde4c e-con-full e-grid e-con e-child\" data-id=\"52fde4c\" data-element_type=\"container\" data-e-type=\"container\">\n\t\t<div class=\"elementor-element elementor-element-82c56e3 e-con-full e-flex e-con e-child\" data-id=\"82c56e3\" data-element_type=\"container\" data-e-type=\"container\">\n\t\t\t\t<div class=\"elementor-element elementor-element-9f8cc72 elementor-view-default elementor-widget elementor-widget-icon\" data-id=\"9f8cc72\" data-element_type=\"widget\" data-e-type=\"widget\" data-widget_type=\"icon.default\">\n\t\t\t\t<div class=\"elementor-widget-container\">\n\t\t\t\t\t\t\t<div class=\"elementor-icon-wrapper\">\n\t\t\t<div class=\"elementor-icon\">\n\t\t\t<i aria-hidden=\"true\" class=\"far fa-calendar-alt\"><\/i>\t\t\t<\/div>\n\t\t<\/div>\n\t\t\t\t\t\t<\/div>\n\t\t\t\t<\/div>\n\t\t\t\t<div class=\"elementor-element elementor-element-338747d elementor-widget elementor-widget-heading\" data-id=\"338747d\" data-element_type=\"widget\" data-e-type=\"widget\" data-widget_type=\"heading.default\">\n\t\t\t\t<div class=\"elementor-widget-container\">\n\t\t\t\t\t<h2 class=\"elementor-heading-title elementor-size-default\">When?\n\n<\/h2>\t\t\t\t<\/div>\n\t\t\t\t<\/div>\n\t\t\t\t<div class=\"elementor-element elementor-element-0f1a76c elementor-widget elementor-widget-text-editor\" data-id=\"0f1a76c\" data-element_type=\"widget\" data-e-type=\"widget\" data-widget_type=\"text-editor.default\">\n\t\t\t\t<div class=\"elementor-widget-container\">\n\t\t\t\t\t\t\t\t\t<p dir=\"auto\">3 - 4 November 2026<br \/>Start: 09:30<br \/>End: 16:30<\/p>\t\t\t\t\t\t\t\t<\/div>\n\t\t\t\t<\/div>\n\t\t\t\t<\/div>\n\t\t<div class=\"elementor-element elementor-element-7423681 e-con-full e-flex e-con e-child\" data-id=\"7423681\" data-element_type=\"container\" data-e-type=\"container\">\n\t\t\t\t<div class=\"elementor-element elementor-element-192b865 elementor-view-default elementor-widget elementor-widget-icon\" data-id=\"192b865\" data-element_type=\"widget\" data-e-type=\"widget\" data-widget_type=\"icon.default\">\n\t\t\t\t<div class=\"elementor-widget-container\">\n\t\t\t\t\t\t\t<div class=\"elementor-icon-wrapper\">\n\t\t\t<div class=\"elementor-icon\">\n\t\t\t<i aria-hidden=\"true\" class=\"fas fa-map-marker-alt\"><\/i>\t\t\t<\/div>\n\t\t<\/div>\n\t\t\t\t\t\t<\/div>\n\t\t\t\t<\/div>\n\t\t\t\t<div class=\"elementor-element elementor-element-08decac elementor-widget elementor-widget-heading\" data-id=\"08decac\" data-element_type=\"widget\" data-e-type=\"widget\" data-widget_type=\"heading.default\">\n\t\t\t\t<div class=\"elementor-widget-container\">\n\t\t\t\t\t<h2 class=\"elementor-heading-title elementor-size-default\">Where?\n<\/h2>\t\t\t\t<\/div>\n\t\t\t\t<\/div>\n\t\t\t\t<div class=\"elementor-element elementor-element-95d40f0 elementor-widget elementor-widget-text-editor\" data-id=\"95d40f0\" data-element_type=\"widget\" data-e-type=\"widget\" data-widget_type=\"text-editor.default\">\n\t\t\t\t<div class=\"elementor-widget-container\">\n\t\t\t\t\t\t\t\t\t<p dir=\"auto\">Mighty Twice Hotel<br \/>01099 Dresden<br \/>Germany<\/p>\t\t\t\t\t\t\t\t<\/div>\n\t\t\t\t<\/div>\n\t\t\t\t<\/div>\n\t\t<div class=\"elementor-element elementor-element-ab1e6f5 e-con-full e-flex e-con e-child\" data-id=\"ab1e6f5\" data-element_type=\"container\" data-e-type=\"container\">\n\t\t\t\t<div class=\"elementor-element elementor-element-1df657a elementor-view-default elementor-widget elementor-widget-icon\" data-id=\"1df657a\" data-element_type=\"widget\" data-e-type=\"widget\" data-widget_type=\"icon.default\">\n\t\t\t\t<div class=\"elementor-widget-container\">\n\t\t\t\t\t\t\t<div class=\"elementor-icon-wrapper\">\n\t\t\t<div class=\"elementor-icon\">\n\t\t\t<i aria-hidden=\"true\" class=\"fas fa-list\"><\/i>\t\t\t<\/div>\n\t\t<\/div>\n\t\t\t\t\t\t<\/div>\n\t\t\t\t<\/div>\n\t\t\t\t<div class=\"elementor-element elementor-element-97d2224 elementor-widget elementor-widget-heading\" data-id=\"97d2224\" data-element_type=\"widget\" data-e-type=\"widget\" data-widget_type=\"heading.default\">\n\t\t\t\t<div class=\"elementor-widget-container\">\n\t\t\t\t\t<h2 class=\"elementor-heading-title elementor-size-default\">Call for Contribution<\/h2>\t\t\t\t<\/div>\n\t\t\t\t<\/div>\n\t\t\t\t<div class=\"elementor-element elementor-element-2098c28 elementor-align-center elementor-widget elementor-widget-button\" data-id=\"2098c28\" data-element_type=\"widget\" data-e-type=\"widget\" data-widget_type=\"button.default\">\n\t\t\t\t<div class=\"elementor-widget-container\">\n\t\t\t\t\t\t\t\t\t<div class=\"elementor-button-wrapper\">\n\t\t\t\t\t<a class=\"elementor-button elementor-button-link elementor-size-sm\" href=\"https:\/\/alasca.cloud\/en\/alasca-summit-2026\/alasca-summit-2026-programme\/\">\n\t\t\t\t\t\t<span class=\"elementor-button-content-wrapper\">\n\t\t\t\t\t\t\t\t\t<span class=\"elementor-button-text\">Learn more<\/span>\n\t\t\t\t\t<\/span>\n\t\t\t\t\t<\/a>\n\t\t\t\t<\/div>\n\t\t\t\t\t\t\t\t<\/div>\n\t\t\t\t<\/div>\n\t\t\t\t<\/div>\n\t\t<div class=\"elementor-element elementor-element-29b9540 e-con-full e-flex e-con e-child\" data-id=\"29b9540\" data-element_type=\"container\" data-e-type=\"container\">\n\t\t\t\t<div class=\"elementor-element elementor-element-c1ac36e elementor-view-default elementor-widget elementor-widget-icon\" data-id=\"c1ac36e\" data-element_type=\"widget\" data-e-type=\"widget\" data-widget_type=\"icon.default\">\n\t\t\t\t<div class=\"elementor-widget-container\">\n\t\t\t\t\t\t\t<div class=\"elementor-icon-wrapper\">\n\t\t\t<div class=\"elementor-icon\">\n\t\t\t<i aria-hidden=\"true\" class=\"fas fa-hotel\"><\/i>\t\t\t<\/div>\n\t\t<\/div>\n\t\t\t\t\t\t<\/div>\n\t\t\t\t<\/div>\n\t\t\t\t<div class=\"elementor-element elementor-element-752b0f3 elementor-widget elementor-widget-heading\" data-id=\"752b0f3\" data-element_type=\"widget\" data-e-type=\"widget\" data-widget_type=\"heading.default\">\n\t\t\t\t<div class=\"elementor-widget-container\">\n\t\t\t\t\t<h2 class=\"elementor-heading-title elementor-size-default\">Hotel<\/h2>\t\t\t\t<\/div>\n\t\t\t\t<\/div>\n\t\t\t\t<div class=\"elementor-element elementor-element-1468df4 elementor-align-center elementor-widget elementor-widget-button\" data-id=\"1468df4\" data-element_type=\"widget\" data-e-type=\"widget\" data-widget_type=\"button.default\">\n\t\t\t\t<div class=\"elementor-widget-container\">\n\t\t\t\t\t\t\t\t\t<div class=\"elementor-button-wrapper\">\n\t\t\t\t\t<a class=\"elementor-button elementor-button-link elementor-size-sm\" href=\"https:\/\/alasca.cloud\/wp-content\/uploads\/2026\/02\/2026-alasca-summit-hotel-recommendation.pdf\" target=\"_blank\">\n\t\t\t\t\t\t<span class=\"elementor-button-content-wrapper\">\n\t\t\t\t\t\t\t\t\t<span class=\"elementor-button-text\">learn more<\/span>\n\t\t\t\t\t<\/span>\n\t\t\t\t\t<\/a>\n\t\t\t\t<\/div>\n\t\t\t\t\t\t\t\t<\/div>\n\t\t\t\t<\/div>\n\t\t\t\t<\/div>\n\t\t\t\t<\/div>\n\t\t\t\t<\/div>\n\t\t\t\t\t<\/div>\n\t\t\t\t<\/div>\n\t\t<div class=\"elementor-element elementor-element-73fe8e3 e-flex e-con-boxed e-con e-parent\" data-id=\"73fe8e3\" data-element_type=\"container\" data-e-type=\"container\">\n\t\t\t\t\t<div class=\"e-con-inner\">\n\t\t<div class=\"elementor-element elementor-element-a2b7129 e-con-full e-flex e-con e-child\" data-id=\"a2b7129\" data-element_type=\"container\" data-e-type=\"container\">\n\t\t\t\t<div class=\"elementor-element elementor-element-d67b020 elementor-widget-divider--view-line elementor-widget elementor-widget-divider\" data-id=\"d67b020\" data-element_type=\"widget\" data-e-type=\"widget\" data-widget_type=\"divider.default\">\n\t\t\t\t<div class=\"elementor-widget-container\">\n\t\t\t\t\t\t\t<div class=\"elementor-divider\">\n\t\t\t<span class=\"elementor-divider-separator\">\n\t\t\t\t\t\t<\/span>\n\t\t<\/div>\n\t\t\t\t\t\t<\/div>\n\t\t\t\t<\/div>\n\t\t\t\t<div class=\"elementor-element elementor-element-11db76c elementor-widget elementor-widget-heading\" data-id=\"11db76c\" data-element_type=\"widget\" data-e-type=\"widget\" data-widget_type=\"heading.default\">\n\t\t\t\t<div class=\"elementor-widget-container\">\n\t\t\t\t\t<h2 class=\"elementor-heading-title elementor-size-default\">Do you have any questions or other concerns? Please contact us.\n\n<\/h2>\t\t\t\t<\/div>\n\t\t\t\t<\/div>\n\t\t\t\t<div class=\"elementor-element elementor-element-87af252 elementor-widget elementor-widget-button\" data-id=\"87af252\" data-element_type=\"widget\" data-e-type=\"widget\" data-widget_type=\"button.default\">\n\t\t\t\t<div class=\"elementor-widget-container\">\n\t\t\t\t\t\t\t\t\t<div class=\"elementor-button-wrapper\">\n\t\t\t\t\t<a class=\"elementor-button elementor-button-link elementor-size-sm\" href=\"mailto:hello@alasca.cloud\">\n\t\t\t\t\t\t<span class=\"elementor-button-content-wrapper\">\n\t\t\t\t\t\t\t\t\t<span class=\"elementor-button-text\">contact alasca <\/span>\n\t\t\t\t\t<\/span>\n\t\t\t\t\t<\/a>\n\t\t\t\t<\/div>\n\t\t\t\t\t\t\t\t<\/div>\n\t\t\t\t<\/div>\n\t\t\t\t<\/div>\n\t\t\t\t\t<\/div>\n\t\t\t\t<\/div>\n\t\t\t\t<\/div>","protected":false},"excerpt":{"rendered":"<p>ALASCA Summit 2026 \u2013 Tickets. Wir freuen uns \u00fcber dein Interesse an einer Teilnahme am ALASCA Summit 2026. Wenn du dir einen Platz sichern m\u00f6chtest, registriere dich hier f\u00fcr dein [&hellip;]<\/p>\n","protected":false},"author":1,"featured_media":0,"parent":7494,"menu_order":0,"comment_status":"closed","ping_status":"closed","template":"","meta":{"_acf_changed":false,"inline_featured_image":false,"_price":"","_stock":"","_tribe_ticket_header":"","_tribe_default_ticket_provider":"","_ticket_start_date":"","_ticket_end_date":"","_tribe_ticket_show_description":"","_tribe_ticket_show_not_going":false,"_tribe_ticket_use_global_stock":"","_tribe_ticket_global_stock_level":"","_global_stock_mode":"","_global_stock_cap":"","_tribe_rsvp_for_event":"","_tribe_ticket_going_count":"","_tribe_ticket_not_going_count":"","_tribe_tickets_list":"[]","_tribe_ticket_has_attendee_info_fields":false,"footnotes":"","_tec_slr_enabled":"","_tec_slr_layout":""},"class_list":["post-7747","page","type-page","status-publish","hentry"],"acf":[],"yoast_head":"<!-- This site is optimized with the Yoast SEO plugin v27.1.1 - https:\/\/yoast.com\/product\/yoast-seo-wordpress\/ -->\n<title>Tickets &#187; ALASCA<\/title>\n<meta name=\"description\" content=\"Ihr habt Interesse, an unserem Community Event f\u00fcr Open-Source Cloud-Infrastrukturen teilzunehmen? Registriert euch hier kostenlos.\" \/>\n<meta name=\"robots\" content=\"index, follow, max-snippet:-1, max-image-preview:large, max-video-preview:-1\" \/>\n<link rel=\"canonical\" href=\"https:\/\/alasca.cloud\/en\/alasca-summit-2026\/alasca-summit-2026-tickets\/\" \/>\n<meta property=\"og:locale\" content=\"en_GB\" \/>\n<meta property=\"og:type\" content=\"article\" \/>\n<meta property=\"og:title\" content=\"Tickets &#187; ALASCA\" \/>\n<meta property=\"og:description\" content=\"Ihr habt Interesse, an unserem Community Event f\u00fcr Open-Source Cloud-Infrastrukturen teilzunehmen? Registriert euch hier kostenlos.\" \/>\n<meta property=\"og:url\" content=\"https:\/\/alasca.cloud\/en\/alasca-summit-2026\/alasca-summit-2026-tickets\/\" \/>\n<meta property=\"og:site_name\" content=\"ALASCA\" \/>\n<meta property=\"article:modified_time\" content=\"2026-03-02T08:36:28+00:00\" \/>\n<meta name=\"twitter:card\" content=\"summary_large_image\" \/>\n<meta name=\"twitter:label1\" content=\"Estimated reading time\" \/>\n\t<meta name=\"twitter:data1\" content=\"1 minute\" \/>\n<script type=\"application\/ld+json\" class=\"yoast-schema-graph\">{\"@context\":\"https:\/\/schema.org\",\"@graph\":[{\"@type\":\"WebPage\",\"@id\":\"https:\/\/alasca.cloud\/alasca-summit-2026\/alasca-summit-2026-tickets\/\",\"url\":\"https:\/\/alasca.cloud\/alasca-summit-2026\/alasca-summit-2026-tickets\/\",\"name\":\"Tickets &#187; ALASCA\",\"isPartOf\":{\"@id\":\"https:\/\/alasca.cloud\/#website\"},\"datePublished\":\"2026-02-18T10:39:17+00:00\",\"dateModified\":\"2026-03-02T08:36:28+00:00\",\"description\":\"Ihr habt Interesse, an unserem Community Event f\u00fcr Open-Source Cloud-Infrastrukturen teilzunehmen? Registriert euch hier kostenlos.\",\"breadcrumb\":{\"@id\":\"https:\/\/alasca.cloud\/alasca-summit-2026\/alasca-summit-2026-tickets\/#breadcrumb\"},\"inLanguage\":\"en-GB\",\"potentialAction\":[{\"@type\":\"ReadAction\",\"target\":[\"https:\/\/alasca.cloud\/alasca-summit-2026\/alasca-summit-2026-tickets\/\"]}]},{\"@type\":\"BreadcrumbList\",\"@id\":\"https:\/\/alasca.cloud\/alasca-summit-2026\/alasca-summit-2026-tickets\/#breadcrumb\",\"itemListElement\":[{\"@type\":\"ListItem\",\"position\":1,\"name\":\"Startseite\",\"item\":\"https:\/\/alasca.cloud\/\"},{\"@type\":\"ListItem\",\"position\":2,\"name\":\"ALASCA Summit 2026\",\"item\":\"https:\/\/alasca.cloud\/alasca-summit-2026\/\"},{\"@type\":\"ListItem\",\"position\":3,\"name\":\"Tickets\"}]},{\"@type\":\"WebSite\",\"@id\":\"https:\/\/alasca.cloud\/#website\",\"url\":\"https:\/\/alasca.cloud\/\",\"name\":\"ALASCA\",\"description\":\"Verband f\u00fcr betriebsf\u00e4hige, offene Cloud-Infrastsrukturen e.V.\",\"publisher\":{\"@id\":\"https:\/\/alasca.cloud\/#organization\"},\"potentialAction\":[{\"@type\":\"SearchAction\",\"target\":{\"@type\":\"EntryPoint\",\"urlTemplate\":\"https:\/\/alasca.cloud\/?s={search_term_string}\"},\"query-input\":{\"@type\":\"PropertyValueSpecification\",\"valueRequired\":true,\"valueName\":\"search_term_string\"}}],\"inLanguage\":\"en-GB\"},{\"@type\":\"Organization\",\"@id\":\"https:\/\/alasca.cloud\/#organization\",\"name\":\"ALASCA e.V.\",\"alternateName\":\"Alasca - Verband f\u00fcr betriebsf\u00e4hige, offene Cloud-Infrastrukturen e.V.\",\"url\":\"https:\/\/alasca.cloud\/\",\"logo\":{\"@type\":\"ImageObject\",\"inLanguage\":\"en-GB\",\"@id\":\"https:\/\/alasca.cloud\/#\/schema\/logo\/image\/\",\"url\":\"https:\/\/alasca.cloud\/wp-content\/uploads\/2022\/08\/favicon.png\",\"contentUrl\":\"https:\/\/alasca.cloud\/wp-content\/uploads\/2022\/08\/favicon.png\",\"width\":512,\"height\":512,\"caption\":\"ALASCA e.V.\"},\"image\":{\"@id\":\"https:\/\/alasca.cloud\/#\/schema\/logo\/image\/\"}}]}<\/script>\n<!-- \/ Yoast SEO plugin. -->","yoast_head_json":{"title":"Tickets \u00bb ALASCA","description":"Are you interested in taking part in our community event for open source cloud infrastructures? Register here for free.","robots":{"index":"index","follow":"follow","max-snippet":"max-snippet:-1","max-image-preview":"max-image-preview:large","max-video-preview":"max-video-preview:-1"},"canonical":"https:\/\/alasca.cloud\/en\/alasca-summit-2026\/alasca-summit-2026-tickets\/","og_locale":"en_GB","og_type":"article","og_title":"Tickets &#187; ALASCA","og_description":"Ihr habt Interesse, an unserem Community Event f\u00fcr Open-Source Cloud-Infrastrukturen teilzunehmen? Registriert euch hier kostenlos.","og_url":"https:\/\/alasca.cloud\/en\/alasca-summit-2026\/alasca-summit-2026-tickets\/","og_site_name":"ALASCA","article_modified_time":"2026-03-02T08:36:28+00:00","twitter_card":"summary_large_image","twitter_misc":{"Estimated reading time":"1 minute"},"schema":{"@context":"https:\/\/schema.org","@graph":[{"@type":"WebPage","@id":"https:\/\/alasca.cloud\/alasca-summit-2026\/alasca-summit-2026-tickets\/","url":"https:\/\/alasca.cloud\/alasca-summit-2026\/alasca-summit-2026-tickets\/","name":"Tickets \u00bb ALASCA","isPartOf":{"@id":"https:\/\/alasca.cloud\/#website"},"datePublished":"2026-02-18T10:39:17+00:00","dateModified":"2026-03-02T08:36:28+00:00","description":"Are you interested in taking part in our community event for open source cloud infrastructures? Register here for free.","breadcrumb":{"@id":"https:\/\/alasca.cloud\/alasca-summit-2026\/alasca-summit-2026-tickets\/#breadcrumb"},"inLanguage":"en-GB","potentialAction":[{"@type":"ReadAction","target":["https:\/\/alasca.cloud\/alasca-summit-2026\/alasca-summit-2026-tickets\/"]}]},{"@type":"BreadcrumbList","@id":"https:\/\/alasca.cloud\/alasca-summit-2026\/alasca-summit-2026-tickets\/#breadcrumb","itemListElement":[{"@type":"ListItem","position":1,"name":"Startseite","item":"https:\/\/alasca.cloud\/"},{"@type":"ListItem","position":2,"name":"ALASCA Summit 2026","item":"https:\/\/alasca.cloud\/alasca-summit-2026\/"},{"@type":"ListItem","position":3,"name":"Tickets"}]},{"@type":"WebSite","@id":"https:\/\/alasca.cloud\/#website","url":"https:\/\/alasca.cloud\/","name":"ALASCA","description":"Association for Operable, Open Cloud Infrastructures e.V.","publisher":{"@id":"https:\/\/alasca.cloud\/#organization"},"potentialAction":[{"@type":"SearchAction","target":{"@type":"EntryPoint","urlTemplate":"https:\/\/alasca.cloud\/?s={search_term_string}"},"query-input":{"@type":"PropertyValueSpecification","valueRequired":true,"valueName":"search_term_string"}}],"inLanguage":"en-GB"},{"@type":"Organization","@id":"https:\/\/alasca.cloud\/#organization","name":"ALASCA e.V.","alternateName":"Alasca - Verband f\u00fcr betriebsf\u00e4hige, offene Cloud-Infrastrukturen e.V.","url":"https:\/\/alasca.cloud\/","logo":{"@type":"ImageObject","inLanguage":"en-GB","@id":"https:\/\/alasca.cloud\/#\/schema\/logo\/image\/","url":"https:\/\/alasca.cloud\/wp-content\/uploads\/2022\/08\/favicon.png","contentUrl":"https:\/\/alasca.cloud\/wp-content\/uploads\/2022\/08\/favicon.png","width":512,"height":512,"caption":"ALASCA e.V."},"image":{"@id":"https:\/\/alasca.cloud\/#\/schema\/logo\/image\/"}}]}},"ticketed":false,"_links":{"self":[{"href":"https:\/\/alasca.cloud\/en\/wp-json\/wp\/v2\/pages\/7747","targetHints":{"allow":["GET"]}}],"collection":[{"href":"https:\/\/alasca.cloud\/en\/wp-json\/wp\/v2\/pages"}],"about":[{"href":"https:\/\/alasca.cloud\/en\/wp-json\/wp\/v2\/types\/page"}],"author":[{"embeddable":true,"href":"https:\/\/alasca.cloud\/en\/wp-json\/wp\/v2\/users\/1"}],"replies":[{"embeddable":true,"href":"https:\/\/alasca.cloud\/en\/wp-json\/wp\/v2\/comments?post=7747"}],"version-history":[{"count":46,"href":"https:\/\/alasca.cloud\/en\/wp-json\/wp\/v2\/pages\/7747\/revisions"}],"predecessor-version":[{"id":8062,"href":"https:\/\/alasca.cloud\/en\/wp-json\/wp\/v2\/pages\/7747\/revisions\/8062"}],"up":[{"embeddable":true,"href":"https:\/\/alasca.cloud\/en\/wp-json\/wp\/v2\/pages\/7494"}],"wp:attachment":[{"href":"https:\/\/alasca.cloud\/en\/wp-json\/wp\/v2\/media?parent=7747"}],"curies":[{"name":"wp","href":"https:\/\/api.w.org\/{rel}","templated":true}]}}