{"id":7760,"date":"2026-02-18T11:48:31","date_gmt":"2026-02-18T10:48:31","guid":{"rendered":"https:\/\/alasca.cloud\/?page_id=7760"},"modified":"2026-03-03T14:43:16","modified_gmt":"2026-03-03T13:43:16","slug":"alasca-summit-2026-call-for-contributions","status":"publish","type":"page","link":"https:\/\/alasca.cloud\/en\/alasca-summit-2026\/alasca-summit-2026-programm\/alasca-summit-2026-call-for-contributions\/","title":{"rendered":"Call for Contributions"},"content":{"rendered":"\t\t<div data-elementor-type=\"wp-page\" data-elementor-id=\"7760\" class=\"elementor elementor-7760\" data-elementor-post-type=\"page\">\n\t\t\t\t<div class=\"elementor-element elementor-element-0c793db e-flex e-con-boxed e-con e-parent\" data-id=\"0c793db\" data-element_type=\"container\" data-e-type=\"container\">\n\t\t\t\t\t<div class=\"e-con-inner\">\n\t\t<div class=\"elementor-element elementor-element-e78c134 e-con-full e-flex e-con e-child\" data-id=\"e78c134\" data-element_type=\"container\" data-e-type=\"container\">\n\t\t\t\t<div class=\"elementor-element elementor-element-ce4117d elementor-widget elementor-widget-heading\" data-id=\"ce4117d\" data-element_type=\"widget\" data-e-type=\"widget\" data-widget_type=\"heading.default\">\n\t\t\t\t<div class=\"elementor-widget-container\">\n\t\t\t\t\t<h1 class=\"elementor-heading-title elementor-size-default\">ALASCA Summit \u2013 Call for Contributions. \n\n<\/h1>\t\t\t\t<\/div>\n\t\t\t\t<\/div>\n\t\t\t\t<div class=\"elementor-element elementor-element-a2401f9 elementor-widget-divider--view-line elementor-widget elementor-widget-divider\" data-id=\"a2401f9\" data-element_type=\"widget\" data-e-type=\"widget\" data-widget_type=\"divider.default\">\n\t\t\t\t<div class=\"elementor-widget-container\">\n\t\t\t\t\t\t\t<div class=\"elementor-divider\">\n\t\t\t<span class=\"elementor-divider-separator\">\n\t\t\t\t\t\t<\/span>\n\t\t<\/div>\n\t\t\t\t\t\t<\/div>\n\t\t\t\t<\/div>\n\t\t\t\t<div class=\"elementor-element elementor-element-b9b19e7 elementor-widget elementor-widget-heading\" data-id=\"b9b19e7\" data-element_type=\"widget\" data-e-type=\"widget\" data-widget_type=\"heading.default\">\n\t\t\t\t<div class=\"elementor-widget-container\">\n\t\t\t\t\t<h2 class=\"elementor-heading-title elementor-size-default\">Was wir suchen \n<\/h2>\t\t\t\t<\/div>\n\t\t\t\t<\/div>\n\t\t\t\t<div class=\"elementor-element elementor-element-2416cb2 elementor-widget elementor-widget-text-editor\" data-id=\"2416cb2\" data-element_type=\"widget\" data-e-type=\"widget\" data-widget_type=\"text-editor.default\">\n\t\t\t\t<div class=\"elementor-widget-container\">\n\t\t\t\t\t\t\t\t\t<p dir=\"auto\">Du hast Interesse daran, einen Talk oder Workshop einzureichen und den ALASCA Summit 2026 aktiv mit auszugestalten? Dann beteilige dich hier an unserem <strong><span style=\"color: #a7f320;\">Call for Contribution.<\/span><\/strong><\/p><p dir=\"auto\">Du m\u00f6chtest ein neues Projekt vorstellen, einen Use Case pr\u00e4sentieren oder &#8222;Lessons Learned&#8220; mit der Community teilen? Wir suchen nach einer Vielfalt <strong><span style=\"color: #a7f320;\">technischer Einreichungen im Bereich Open-Source Cloud-Infrastruktur<\/span><\/strong> und freuen uns \u00fcber viele verschiedene Themen.<\/p><p dir=\"auto\">Die folgenden Formate k\u00f6nnt ihr f\u00fcr den diesj\u00e4hrigen ALASCA Summit einreichen:<\/p><ul dir=\"auto\"><li>Lightning Talk (10 Minuten)<\/li><li>Talk (20 Minuten)<\/li><li>Workshop (3 Stunden): Bei einer Einreichung eines Workshops bitten wir um Angaben hinsichtlich Hardware-, Software- als auch Skillanforderungen im Abstract.*<\/li><\/ul><p dir=\"auto\">Im Sinne der Kollaboration \u00fcber die Grenzen von Organisationen hinweg freuen wir uns, der <strong><span style=\"color: #a7f320;\">Community der <a href=\"https:\/\/openinfra.org\/\" target=\"_blank\" rel=\"noopener\">OpenInfra Foundation<\/a><\/span><\/strong> beim diesj\u00e4hrigen ALASCA Summit einen <strong><span style=\"color: #a7f320;\">Track am 1. Tag<\/span><\/strong> zu erm\u00f6glichen und laden die OpenInfra Community herzlich ein, ihre Contributions auch hier einzureichen.<\/p><p dir=\"auto\">Die Event-Sprache auf dem ALASCA Summit und dementsprechend auch die pr\u00e4sentierten Inhalte werden analog zu den vorherigen Jahren <strong><span style=\"color: #a7f320;\">Englisch<\/span> <\/strong>sein. Bitte verfasse auch deine Einreichung in Englisch.<\/p><p dir=\"auto\">Der Call for Contribution ist bis zum <strong><span style=\"color: #a7f320;\">31.07.2026<\/span> <\/strong>ge\u00f6ffnet. In den darauffolgenden Wochen wird eine Evaluierung und Auswahl aller eingereichten Contributions vorgenommen werden und wir informieren euch im Anschluss \u00fcber die Entscheidung zur Aufnahme eurer Einreichung in unser Programm f\u00fcr den ALASA Summit 2026.<\/p><p dir=\"auto\">Die Contributions, die auf unserem ALASCA Summit vorgestellt werden,<strong><span style=\"color: #a7f320;\"> werden aufgezeichnet und im Nachgang auf dem ALASCA YouTube Kanal und der ALASCA Website \u00f6ffentlich zur Verf\u00fcgung gestellt<\/span><\/strong>. Dar\u00fcber hinaus evaluieren wir momentan die Option des Streaming. Mit der Einreichung einer Contribution erkl\u00e4rst du dich mit der Aufzeichnung und der Ver\u00f6ffentlichung sowie des Streamings einverstanden.<\/p><p>*Mit eurer Einreichung meldet ihr euch zun\u00e4chst unter Vorbehalt f\u00fcr ein Format an; die finale Zuordnung sowie die Entscheidung \u00fcber die Annahme obliegt dann ALASCA.<\/p>\t\t\t\t\t\t\t\t<\/div>\n\t\t\t\t<\/div>\n\t\t\t\t<div class=\"elementor-element elementor-element-d549253 elementor-widget__width-initial fluent-form-widget-step-header-yes fluent-form-widget-step-progressbar-yes fluentform-widget-submit-button-custom elementor-widget elementor-widget-fluent-form-widget\" data-id=\"d549253\" data-element_type=\"widget\" data-e-type=\"widget\" data-widget_type=\"fluent-form-widget.default\">\n\t\t\t\t<div class=\"elementor-widget-container\">\n\t\t\t\t\t\n            <div class=\"fluentform-widget-wrapper fluentform-widget-align-default\">\n\n            \n            <div class='fluentform ff-default fluentform_wrapper_3 ffs_default_wrap'><form data-form_id=\"3\" id=\"fluentform_3\" class=\"frm-fluent-form fluent_form_3 ff-el-form-top ff_form_instance_3_1 ff-form-loading ffs_default\" data-form_instance=\"ff_form_instance_3_1\" method=\"POST\" ><fieldset  style=\"border: none!important;margin: 0!important;padding: 0!important;background-color: transparent!important;box-shadow: none!important;outline: none!important; min-inline-size: 100%;\">\n                    <legend class=\"ff_screen_reader_title\" style=\"display: block; margin: 0!important;padding: 0!important;height: 0!important;text-indent: -999999px;width: 0!important;overflow:hidden;\">Summit 2026 - Call for Contributions<\/legend>        <div\n                style=\"display: none!important; position: absolute!important; transform: translateX(1000%)!important;\"\n                class=\"ff-el-group ff-hpsf-container\"\n        >\n            <div class=\"ff-el-input--label asterisk-right\">\n                <label for=\"ff_3_item_sf\" aria-label=\"Notify\">\n                    Notify                <\/label>\n            <\/div>\n            <div class=\"ff-el-input--content\">\n                <input type=\"text\"\n                       name=\"item_3__fluent_sf\"\n                       class=\"ff-el-form-control\"\n                       id=\"ff_3_item_sf\"\n                \/>\n            <\/div>\n        <\/div>\n                <input type=\"hidden\" id=\"__fluent_protection_token_3\" class=\"fluent-form-token-field\" name=\"__fluent_protection_token_3\">\n        <input type='hidden' name='__fluent_form_embded_post_id' value='7760' \/><input type=\"hidden\" id=\"_fluentform_3_fluentformnonce\" name=\"_fluentform_3_fluentformnonce\" value=\"2ab15ad82b\" \/><input type=\"hidden\" name=\"_wp_http_referer\" value=\"\/en\/wp-json\/wp\/v2\/pages\/7760\" \/><div data-type=\"name-element\" data-name=\"names\" class=\" ff-field_container ff-name-field-wrapper\" ><div class='ff-t-container'><div class='ff-t-cell '><div class='ff-el-group ff-el-form-top'><div class=\"ff-el-input--label ff-el-is-required asterisk-right\"><label for='ff_3_names_first_name_' id='label_ff_3_names_first_name_' >Vorname des Speakers<\/label><\/div><div class='ff-el-input--content'><input type=\"text\" name=\"names[first_name]\" id=\"ff_3_names_first_name_\" class=\"ff-el-form-control\" aria-invalid=\"false\" aria-required=true><\/div><\/div><\/div><div class='ff-t-cell '><div class='ff-el-group ff-el-form-top'><div class=\"ff-el-input--label ff-el-is-required asterisk-right\"><label for='ff_3_names_last_name_' id='label_ff_3_names_last_name_' >Nachname des Speakers<\/label><\/div><div class='ff-el-input--content'><input type=\"text\" name=\"names[last_name]\" id=\"ff_3_names_last_name_\" class=\"ff-el-form-control\" aria-invalid=\"false\" aria-required=true><\/div><\/div><\/div><\/div><\/div><div data-name=\"ff_cn_id_1\"  class='ff-t-container ff-column-container ff_columns_total_2 '><div class='ff-t-cell ff-t-column-1' style='flex-basis: 50%;'><div class='ff-el-group'><div class=\"ff-el-input--label ff-el-is-required asterisk-right\"><label for='ff_3_input_text' id='label_ff_3_input_text' aria-label=\"Unternehmen\/Organisation\">Unternehmen\/Organisation<\/label><\/div><div class='ff-el-input--content'><input type=\"text\" name=\"input_text\" class=\"ff-el-form-control\" data-name=\"input_text\" id=\"ff_3_input_text\"  aria-invalid=\"false\" aria-required=true><\/div><\/div><\/div><div class='ff-t-cell ff-t-column-2' style='flex-basis: 50%;'><div class='ff-el-group'><div class=\"ff-el-input--label ff-el-is-required asterisk-right\"><label for='ff_3_email' id='label_ff_3_email' aria-label=\"E-Mail\">E-Mail<\/label><\/div><div class='ff-el-input--content'><input type=\"email\" name=\"email\" id=\"ff_3_email\" class=\"ff-el-form-control\" data-name=\"email\"  aria-invalid=\"false\" aria-required=true><\/div><\/div><\/div><\/div><div data-name=\"ff_cn_id_2\"  class='ff-t-container ff-column-container ff_columns_total_2 '><div class='ff-t-cell ff-t-column-1' style='flex-basis: 50%;'><div class='ff-el-group'><div class=\"ff-el-input--label ff-el-is-required asterisk-right\"><label for='ff_3_input_text_1' id='label_ff_3_input_text_1' aria-label=\"Titel der Contribution\">Titel der Contribution<\/label><\/div><div class='ff-el-input--content'><input type=\"text\" name=\"input_text_1\" class=\"ff-el-form-control\" data-name=\"input_text_1\" id=\"ff_3_input_text_1\"  aria-invalid=\"false\" aria-required=true><\/div><\/div><\/div><div class='ff-t-cell ff-t-column-2' style='flex-basis: 50%;'><div class='ff-el-group'><div class=\"ff-el-input--label ff-el-is-required asterisk-right\"><label for='ff_3_dropdown' id='label_ff_3_dropdown' aria-label=\"Art der Contribution\">Art der Contribution<\/label><\/div><div class='ff-el-input--content'><select name=\"dropdown\" id=\"ff_3_dropdown\" class=\"ff-el-form-control\" data-name=\"dropdown\" data-calc_value=\"0\"  aria-invalid=\"false\" aria-required=\"true\" aria-labelledby=\"label_ff_3_dropdown\"><option value=\"\">- bitte w\u00e4hlen -<\/option><option value=\"Lightning Talk\"  >Lightning Talk<\/option><option value=\"Presentation\"  >Presentation<\/option><option value=\"Workshop\"  >Workshop<\/option><option value=\"OpenInfra Track\"  >OpenInfra Track<\/option><\/select><\/div><\/div><\/div><\/div><div class='ff-el-group'><div class=\"ff-el-input--label ff-el-is-required asterisk-right\"><label for='ff_3_description' id='label_ff_3_description' aria-label=\"Abstract\">Abstract<\/label><\/div><div class='ff-el-input--content'><textarea aria-required=\"true\" aria-labelledby=\"label_ff_3_description\" name=\"description\" id=\"ff_3_description\" class=\"ff-el-form-control\" rows=\"4\" cols=\"2\" data-name=\"description\" ><\/textarea><\/div><\/div><div class='ff-el-group'><div class=\"ff-el-input--label ff-el-is-required asterisk-right\"><label for='ff_3_description_1' id='label_ff_3_description_1' aria-label=\"Speaker Bio\">Speaker Bio<\/label><\/div><div class='ff-el-input--content'><textarea aria-required=\"true\" aria-labelledby=\"label_ff_3_description_1\" name=\"description_1\" id=\"ff_3_description_1\" class=\"ff-el-form-control\" rows=\"2\" cols=\"2\" data-name=\"description_1\" ><\/textarea><\/div><\/div><div class='ff-el-group'><div class=\"ff-el-input--label asterisk-right\"><label for='ff_3_image-upload_1' id='label_ff_3_image-upload_1' aria-label=\"Speaker-Portrait (Max. 5MB)\">Speaker-Portrait (Max. 5MB)<\/label><\/div><div class='ff-el-input--content'><label for='ff_3_image-upload_1' class='ff_file_upload_holder'><span class='ff_upload_btn ff-btn' tabindex='0'>Datei ausw\u00e4hlen<\/span> <input type=\"file\" name=\"image-upload\" id=\"ff_3_image-upload_1\" class=\"ff-el-form-control  ff-screen-reader-element\" accept=\"image\/*\" data-name=\"image-upload\" multiple=\"1\"  aria-invalid='false' aria-required=false><\/label><\/div><\/div><div class='ff-el-group    ff-el-input--content'><div class='ff-el-form-check ff-el-tc'><label aria-label='Ich bin mit der Verarbeitung meiner Daten zur Bearbeitung meines Anliegens einverstanden und stimme zu, dass die Einreichung aufgenommen und ver\u00f6fentlicht wird.' class='ff-el-form-check-label ff_tc_label' for=gdpr-agreement_f2e209ea6680cf816118b092624887ec><span class='ff_tc_checkbox'><input type=\"checkbox\" name=\"gdpr-agreement\" class=\"ff-el-form-check-input ff_gdpr_field\" data-name=\"gdpr-agreement\" id=\"gdpr-agreement_f2e209ea6680cf816118b092624887ec\"  value='on' aria-invalid='false' aria-required=true><\/span> <div class='ff_t_c'>Ich bin mit der Verarbeitung meiner Daten zur Bearbeitung meines Anliegens einverstanden und stimme zu, dass die Einreichung aufgenommen und ver\u00f6fentlicht wird.<\/div><\/label><\/div><\/div><div class='ff-el-group ff-text-left ff_submit_btn_wrapper'><button type=\"submit\" class=\"ff-btn ff-btn-submit ff-btn-md ff_btn_style\"  aria-label=\"Jetzt absenden\">Jetzt absenden<\/button><\/div><\/fieldset><\/form><div id='fluentform_3_errors' class='ff-errors-in-stack ff_form_instance_3_1 ff-form-loading_errors ff_form_instance_3_1_errors'><\/div><\/div>            <script type=\"text\/javascript\">\n                window.fluent_form_ff_form_instance_3_1 = {\"id\":\"3\",\"settings\":{\"layout\":{\"labelPlacement\":\"top\",\"asteriskPlacement\":\"asterisk-right\",\"helpMessagePlacement\":\"with_label\",\"errorMessagePlacement\":\"inline\",\"cssClassName\":\"\"},\"restrictions\":{\"denyEmptySubmission\":{\"enabled\":false}}},\"form_instance\":\"ff_form_instance_3_1\",\"form_id_selector\":\"fluentform_3\",\"rules\":{\"names[first_name]\":{\"required\":{\"value\":true,\"message\":\"This field is required\",\"global_message\":\"This field is required\",\"global\":true}},\"names[middle_name]\":{\"required\":{\"value\":false,\"message\":\"This field is required\",\"global_message\":\"This field is required\",\"global\":true}},\"names[last_name]\":{\"required\":{\"value\":true,\"message\":\"This field is required\",\"global_message\":\"This field is required\",\"global\":true}},\"input_text\":{\"required\":{\"value\":true,\"message\":\"This field is required\",\"global_message\":\"This field is required\",\"global\":true}},\"email\":{\"required\":{\"value\":true,\"message\":\"This field is required\",\"global_message\":\"This field is required\",\"global\":true},\"email\":{\"value\":true,\"message\":\"This field must contain a valid email\",\"global_message\":\"This field must contain a valid email\",\"global\":true}},\"input_text_1\":{\"required\":{\"value\":true,\"message\":\"This field is required\",\"global_message\":\"This field is required\",\"global\":true}},\"dropdown\":{\"required\":{\"value\":true,\"message\":\"This field is required\",\"global_message\":\"This field is required\",\"global\":true}},\"description\":{\"required\":{\"value\":true,\"message\":\"This field is required\",\"global_message\":\"This field is required\",\"global\":true}},\"description_1\":{\"required\":{\"value\":true,\"message\":\"This field is required\",\"global_message\":\"This field is required\",\"global\":true}},\"image-upload\":{\"required\":{\"value\":false,\"message\":\"This field is required\",\"global_message\":\"This field is required\",\"global\":true},\"max_file_size\":{\"value\":5242880,\"_valueFrom\":\"MB\",\"message\":\"Validation fails for maximum file size\",\"global_message\":\"Validation fails for maximum file size\",\"global\":true},\"max_file_count\":{\"value\":1,\"message\":\"Validation fails for maximum file count\",\"global_message\":\"Validation fails for maximum file count\",\"global\":true},\"allowed_image_types\":{\"value\":[\"jpg|jpeg\",\"png\"],\"message\":\"Allowed image types does not match\",\"global_message\":\"Allowed image types does not match\",\"global\":true}},\"gdpr-agreement\":{\"required\":{\"value\":true,\"message\":\"This field is required\",\"global_message\":\"This field is required\",\"global\":true}}},\"debounce_time\":300};\n                            <\/script>\n                        <\/div>\n\n            \t\t\t\t<\/div>\n\t\t\t\t<\/div>\n\t\t\t\t<\/div>\n\t\t\t\t\t<\/div>\n\t\t\t\t<\/div>\n\t\t\t\t<\/div>\n\t\t","protected":false},"excerpt":{"rendered":"<p>ALASCA Summit \u2013 Call for Contributions. Was wir suchen Du hast Interesse daran, einen Talk oder Workshop einzureichen und den ALASCA Summit 2026 aktiv mit auszugestalten? Dann beteilige dich hier [&hellip;]<\/p>\n","protected":false},"author":1,"featured_media":0,"parent":7754,"menu_order":0,"comment_status":"closed","ping_status":"closed","template":"","meta":{"_acf_changed":false,"inline_featured_image":false,"_price":"","_stock":"","_tribe_ticket_header":"","_tribe_default_ticket_provider":"","_ticket_start_date":"","_ticket_end_date":"","_tribe_ticket_show_description":"","_tribe_ticket_show_not_going":false,"_tribe_ticket_use_global_stock":"","_tribe_ticket_global_stock_level":"","_global_stock_mode":"","_global_stock_cap":"","_tribe_rsvp_for_event":"","_tribe_ticket_going_count":"","_tribe_ticket_not_going_count":"","_tribe_tickets_list":"[]","_tribe_ticket_has_attendee_info_fields":false,"footnotes":"","_tec_slr_enabled":"","_tec_slr_layout":""},"class_list":["post-7760","page","type-page","status-publish","hentry"],"acf":[],"yoast_head":"<!-- This site is optimized with the Yoast SEO plugin v27.1.1 - https:\/\/yoast.com\/product\/yoast-seo-wordpress\/ -->\n<title>Call for Contributions &#187; ALASCA<\/title>\n<meta name=\"description\" content=\"Du m\u00f6chtest den ALASCA Summit 2026 aktiv mitgestalten? Reiche deinen Talk oder Workshop bis zum 31.07.2026 hier ein.\" \/>\n<meta name=\"robots\" content=\"index, follow, max-snippet:-1, max-image-preview:large, max-video-preview:-1\" \/>\n<link rel=\"canonical\" href=\"https:\/\/alasca.cloud\/en\/alasca-summit-2026\/alasca-summit-2026-programme\/alasca-summit-2026-call-for-contributions\/\" \/>\n<meta property=\"og:locale\" content=\"en_GB\" \/>\n<meta property=\"og:type\" content=\"article\" \/>\n<meta property=\"og:title\" content=\"Call for Contributions &#187; ALASCA\" \/>\n<meta property=\"og:description\" content=\"Du m\u00f6chtest den ALASCA Summit 2026 aktiv mitgestalten? Reiche deinen Talk oder Workshop bis zum 31.07.2026 hier ein.\" \/>\n<meta property=\"og:url\" content=\"https:\/\/alasca.cloud\/en\/alasca-summit-2026\/alasca-summit-2026-programme\/alasca-summit-2026-call-for-contributions\/\" \/>\n<meta property=\"og:site_name\" content=\"ALASCA\" \/>\n<meta property=\"article:modified_time\" content=\"2026-03-03T13:43:16+00:00\" \/>\n<meta name=\"twitter:card\" content=\"summary_large_image\" \/>\n<meta name=\"twitter:label1\" content=\"Estimated reading time\" \/>\n\t<meta name=\"twitter:data1\" content=\"2 minutes\" \/>\n<script type=\"application\/ld+json\" class=\"yoast-schema-graph\">{\"@context\":\"https:\/\/schema.org\",\"@graph\":[{\"@type\":\"WebPage\",\"@id\":\"https:\/\/alasca.cloud\/alasca-summit-2026\/alasca-summit-2026-programm\/alasca-summit-2026-call-for-contributions\/\",\"url\":\"https:\/\/alasca.cloud\/alasca-summit-2026\/alasca-summit-2026-programm\/alasca-summit-2026-call-for-contributions\/\",\"name\":\"Call for Contributions &#187; ALASCA\",\"isPartOf\":{\"@id\":\"https:\/\/alasca.cloud\/#website\"},\"datePublished\":\"2026-02-18T10:48:31+00:00\",\"dateModified\":\"2026-03-03T13:43:16+00:00\",\"description\":\"Du m\u00f6chtest den ALASCA Summit 2026 aktiv mitgestalten? Reiche deinen Talk oder Workshop bis zum 31.07.2026 hier ein.\",\"breadcrumb\":{\"@id\":\"https:\/\/alasca.cloud\/alasca-summit-2026\/alasca-summit-2026-programm\/alasca-summit-2026-call-for-contributions\/#breadcrumb\"},\"inLanguage\":\"en-GB\",\"potentialAction\":[{\"@type\":\"ReadAction\",\"target\":[\"https:\/\/alasca.cloud\/alasca-summit-2026\/alasca-summit-2026-programm\/alasca-summit-2026-call-for-contributions\/\"]}]},{\"@type\":\"BreadcrumbList\",\"@id\":\"https:\/\/alasca.cloud\/alasca-summit-2026\/alasca-summit-2026-programm\/alasca-summit-2026-call-for-contributions\/#breadcrumb\",\"itemListElement\":[{\"@type\":\"ListItem\",\"position\":1,\"name\":\"Startseite\",\"item\":\"https:\/\/alasca.cloud\/\"},{\"@type\":\"ListItem\",\"position\":2,\"name\":\"ALASCA Summit 2026\",\"item\":\"https:\/\/alasca.cloud\/alasca-summit-2026\/\"},{\"@type\":\"ListItem\",\"position\":3,\"name\":\"Programm\",\"item\":\"https:\/\/alasca.cloud\/alasca-summit-2026\/alasca-summit-2026-programm\/\"},{\"@type\":\"ListItem\",\"position\":4,\"name\":\"Call for Contributions\"}]},{\"@type\":\"WebSite\",\"@id\":\"https:\/\/alasca.cloud\/#website\",\"url\":\"https:\/\/alasca.cloud\/\",\"name\":\"ALASCA\",\"description\":\"Verband f\u00fcr betriebsf\u00e4hige, offene Cloud-Infrastsrukturen e.V.\",\"publisher\":{\"@id\":\"https:\/\/alasca.cloud\/#organization\"},\"potentialAction\":[{\"@type\":\"SearchAction\",\"target\":{\"@type\":\"EntryPoint\",\"urlTemplate\":\"https:\/\/alasca.cloud\/?s={search_term_string}\"},\"query-input\":{\"@type\":\"PropertyValueSpecification\",\"valueRequired\":true,\"valueName\":\"search_term_string\"}}],\"inLanguage\":\"en-GB\"},{\"@type\":\"Organization\",\"@id\":\"https:\/\/alasca.cloud\/#organization\",\"name\":\"ALASCA e.V.\",\"alternateName\":\"Alasca - Verband f\u00fcr betriebsf\u00e4hige, offene Cloud-Infrastrukturen e.V.\",\"url\":\"https:\/\/alasca.cloud\/\",\"logo\":{\"@type\":\"ImageObject\",\"inLanguage\":\"en-GB\",\"@id\":\"https:\/\/alasca.cloud\/#\/schema\/logo\/image\/\",\"url\":\"https:\/\/alasca.cloud\/wp-content\/uploads\/2022\/08\/favicon.png\",\"contentUrl\":\"https:\/\/alasca.cloud\/wp-content\/uploads\/2022\/08\/favicon.png\",\"width\":512,\"height\":512,\"caption\":\"ALASCA e.V.\"},\"image\":{\"@id\":\"https:\/\/alasca.cloud\/#\/schema\/logo\/image\/\"}}]}<\/script>\n<!-- \/ Yoast SEO plugin. -->","yoast_head_json":{"title":"Call for Contributions \u00bb ALASCA","description":"Would you like to actively help shape the ALASCA Summit 2026? Submit your talk or workshop here by 31 July 2026.","robots":{"index":"index","follow":"follow","max-snippet":"max-snippet:-1","max-image-preview":"max-image-preview:large","max-video-preview":"max-video-preview:-1"},"canonical":"https:\/\/alasca.cloud\/en\/alasca-summit-2026\/alasca-summit-2026-programme\/alasca-summit-2026-call-for-contributions\/","og_locale":"en_GB","og_type":"article","og_title":"Call for Contributions &#187; ALASCA","og_description":"Du m\u00f6chtest den ALASCA Summit 2026 aktiv mitgestalten? Reiche deinen Talk oder Workshop bis zum 31.07.2026 hier ein.","og_url":"https:\/\/alasca.cloud\/en\/alasca-summit-2026\/alasca-summit-2026-programme\/alasca-summit-2026-call-for-contributions\/","og_site_name":"ALASCA","article_modified_time":"2026-03-03T13:43:16+00:00","twitter_card":"summary_large_image","twitter_misc":{"Estimated reading time":"2 minutes"},"schema":{"@context":"https:\/\/schema.org","@graph":[{"@type":"WebPage","@id":"https:\/\/alasca.cloud\/alasca-summit-2026\/alasca-summit-2026-programm\/alasca-summit-2026-call-for-contributions\/","url":"https:\/\/alasca.cloud\/alasca-summit-2026\/alasca-summit-2026-programm\/alasca-summit-2026-call-for-contributions\/","name":"Call for Contributions \u00bb ALASCA","isPartOf":{"@id":"https:\/\/alasca.cloud\/#website"},"datePublished":"2026-02-18T10:48:31+00:00","dateModified":"2026-03-03T13:43:16+00:00","description":"Would you like to actively help shape the ALASCA Summit 2026? Submit your talk or workshop here by 31 July 2026.","breadcrumb":{"@id":"https:\/\/alasca.cloud\/alasca-summit-2026\/alasca-summit-2026-programm\/alasca-summit-2026-call-for-contributions\/#breadcrumb"},"inLanguage":"en-GB","potentialAction":[{"@type":"ReadAction","target":["https:\/\/alasca.cloud\/alasca-summit-2026\/alasca-summit-2026-programm\/alasca-summit-2026-call-for-contributions\/"]}]},{"@type":"BreadcrumbList","@id":"https:\/\/alasca.cloud\/alasca-summit-2026\/alasca-summit-2026-programm\/alasca-summit-2026-call-for-contributions\/#breadcrumb","itemListElement":[{"@type":"ListItem","position":1,"name":"Startseite","item":"https:\/\/alasca.cloud\/"},{"@type":"ListItem","position":2,"name":"ALASCA Summit 2026","item":"https:\/\/alasca.cloud\/alasca-summit-2026\/"},{"@type":"ListItem","position":3,"name":"Programm","item":"https:\/\/alasca.cloud\/alasca-summit-2026\/alasca-summit-2026-programm\/"},{"@type":"ListItem","position":4,"name":"Call for Contributions"}]},{"@type":"WebSite","@id":"https:\/\/alasca.cloud\/#website","url":"https:\/\/alasca.cloud\/","name":"ALASCA","description":"Association for Operable, Open Cloud Infrastructures e.V.","publisher":{"@id":"https:\/\/alasca.cloud\/#organization"},"potentialAction":[{"@type":"SearchAction","target":{"@type":"EntryPoint","urlTemplate":"https:\/\/alasca.cloud\/?s={search_term_string}"},"query-input":{"@type":"PropertyValueSpecification","valueRequired":true,"valueName":"search_term_string"}}],"inLanguage":"en-GB"},{"@type":"Organization","@id":"https:\/\/alasca.cloud\/#organization","name":"ALASCA e.V.","alternateName":"Alasca - Verband f\u00fcr betriebsf\u00e4hige, offene Cloud-Infrastrukturen e.V.","url":"https:\/\/alasca.cloud\/","logo":{"@type":"ImageObject","inLanguage":"en-GB","@id":"https:\/\/alasca.cloud\/#\/schema\/logo\/image\/","url":"https:\/\/alasca.cloud\/wp-content\/uploads\/2022\/08\/favicon.png","contentUrl":"https:\/\/alasca.cloud\/wp-content\/uploads\/2022\/08\/favicon.png","width":512,"height":512,"caption":"ALASCA e.V."},"image":{"@id":"https:\/\/alasca.cloud\/#\/schema\/logo\/image\/"}}]}},"ticketed":false,"_links":{"self":[{"href":"https:\/\/alasca.cloud\/en\/wp-json\/wp\/v2\/pages\/7760","targetHints":{"allow":["GET"]}}],"collection":[{"href":"https:\/\/alasca.cloud\/en\/wp-json\/wp\/v2\/pages"}],"about":[{"href":"https:\/\/alasca.cloud\/en\/wp-json\/wp\/v2\/types\/page"}],"author":[{"embeddable":true,"href":"https:\/\/alasca.cloud\/en\/wp-json\/wp\/v2\/users\/1"}],"replies":[{"embeddable":true,"href":"https:\/\/alasca.cloud\/en\/wp-json\/wp\/v2\/comments?post=7760"}],"version-history":[{"count":44,"href":"https:\/\/alasca.cloud\/en\/wp-json\/wp\/v2\/pages\/7760\/revisions"}],"predecessor-version":[{"id":8142,"href":"https:\/\/alasca.cloud\/en\/wp-json\/wp\/v2\/pages\/7760\/revisions\/8142"}],"up":[{"embeddable":true,"href":"https:\/\/alasca.cloud\/en\/wp-json\/wp\/v2\/pages\/7754"}],"wp:attachment":[{"href":"https:\/\/alasca.cloud\/en\/wp-json\/wp\/v2\/media?parent=7760"}],"curies":[{"name":"wp","href":"https:\/\/api.w.org\/{rel}","templated":true}]}}