{"id":7778,"date":"2026-02-18T11:51:14","date_gmt":"2026-02-18T10:51:14","guid":{"rendered":"https:\/\/alasca.cloud\/?page_id=7778"},"modified":"2026-03-03T14:42:16","modified_gmt":"2026-03-03T13:42:16","slug":"alasca-summit-2026-speaker","status":"publish","type":"page","link":"https:\/\/alasca.cloud\/en\/alasca-summit-2026\/alasca-summit-2026-programm\/alasca-summit-2026-speaker\/","title":{"rendered":"Speaker"},"content":{"rendered":"<div data-elementor-type=\"wp-page\" data-elementor-id=\"7778\" class=\"elementor elementor-7778\" data-elementor-post-type=\"page\">\n\t\t\t\t<div class=\"elementor-element elementor-element-0c793db e-flex e-con-boxed e-con e-parent\" data-id=\"0c793db\" data-element_type=\"container\" data-e-type=\"container\">\n\t\t\t\t\t<div class=\"e-con-inner\">\n\t\t<div class=\"elementor-element elementor-element-e78c134 e-con-full e-flex e-con e-child\" data-id=\"e78c134\" data-element_type=\"container\" data-e-type=\"container\">\n\t\t\t\t<div class=\"elementor-element elementor-element-ce4117d elementor-widget elementor-widget-heading\" data-id=\"ce4117d\" data-element_type=\"widget\" data-e-type=\"widget\" data-widget_type=\"heading.default\">\n\t\t\t\t<div class=\"elementor-widget-container\">\n\t\t\t\t\t<h1 class=\"elementor-heading-title elementor-size-default\">ALASCA Summit 2026 \u2013 Overview of the speakers. \n\n<\/h1>\t\t\t\t<\/div>\n\t\t\t\t<\/div>\n\t\t\t\t<div class=\"elementor-element elementor-element-a2401f9 elementor-widget-divider--view-line elementor-widget elementor-widget-divider\" data-id=\"a2401f9\" data-element_type=\"widget\" data-e-type=\"widget\" data-widget_type=\"divider.default\">\n\t\t\t\t<div class=\"elementor-widget-container\">\n\t\t\t\t\t\t\t<div class=\"elementor-divider\">\n\t\t\t<span class=\"elementor-divider-separator\">\n\t\t\t\t\t\t<\/span>\n\t\t<\/div>\n\t\t\t\t\t\t<\/div>\n\t\t\t\t<\/div>\n\t\t\t\t<div class=\"elementor-element elementor-element-2416cb2 elementor-widget elementor-widget-text-editor\" data-id=\"2416cb2\" data-element_type=\"widget\" data-e-type=\"widget\" data-widget_type=\"text-editor.default\">\n\t\t\t\t<div class=\"elementor-widget-container\">\n\t\t\t\t\t\t\t\t\t<p dir=\"auto\">The Call for Contributions is currently live. You will soon be able to see an overview of the speakers here. As in previous years, you can expect exciting keynotes, talks and hands-on workshops on various open source technologies in the field of cloud infrastructure.<\/p><p dir=\"auto\">Would you like to be a speaker at the ALASCA Summit 2026? Then take part in our Call for Contribution and submit your topic by <span style=\"color: #a7f320;\"><strong>31 July 2026<\/strong><\/span> here!<\/p>\t\t\t\t\t\t\t\t<\/div>\n\t\t\t\t<\/div>\n\t\t\t\t<div class=\"elementor-element elementor-element-52d4c3f elementor-widget elementor-widget-button\" data-id=\"52d4c3f\" data-element_type=\"widget\" data-e-type=\"widget\" data-widget_type=\"button.default\">\n\t\t\t\t<div class=\"elementor-widget-container\">\n\t\t\t\t\t\t\t\t\t<div class=\"elementor-button-wrapper\">\n\t\t\t\t\t<a class=\"elementor-button elementor-button-link elementor-size-sm\" href=\"https:\/\/alasca.cloud\/en\/alasca-summit-2026\/alasca-summit-2026-programme\/alasca-summit-2026-call-for-contributions\/\">\n\t\t\t\t\t\t<span class=\"elementor-button-content-wrapper\">\n\t\t\t\t\t\t\t\t\t<span class=\"elementor-button-text\">Call for Contributions <\/span>\n\t\t\t\t\t<\/span>\n\t\t\t\t\t<\/a>\n\t\t\t\t<\/div>\n\t\t\t\t\t\t\t\t<\/div>\n\t\t\t\t<\/div>\n\t\t\t\t<\/div>\n\t\t\t\t\t<\/div>\n\t\t\t\t<\/div>\n\t\t\t\t<\/div>","protected":false},"excerpt":{"rendered":"<p>ALASCA Summit 2026 \u2013 \u00dcbersicht der Speaker. Momentan l\u00e4uft der Call for Contributions. Eine \u00dcbersicht der Speaker k\u00f6nnt ihr dann bald hier einsehen. Wie in den Jahren zuvor erwarten euch [&hellip;]<\/p>\n","protected":false},"author":1,"featured_media":0,"parent":7754,"menu_order":0,"comment_status":"closed","ping_status":"closed","template":"","meta":{"_acf_changed":false,"inline_featured_image":false,"_price":"","_stock":"","_tribe_ticket_header":"","_tribe_default_ticket_provider":"","_ticket_start_date":"","_ticket_end_date":"","_tribe_ticket_show_description":"","_tribe_ticket_show_not_going":false,"_tribe_ticket_use_global_stock":"","_tribe_ticket_global_stock_level":"","_global_stock_mode":"","_global_stock_cap":"","_tribe_rsvp_for_event":"","_tribe_ticket_going_count":"","_tribe_ticket_not_going_count":"","_tribe_tickets_list":"[]","_tribe_ticket_has_attendee_info_fields":false,"footnotes":"","_tec_slr_enabled":"","_tec_slr_layout":""},"class_list":["post-7778","page","type-page","status-publish","hentry"],"acf":[],"yoast_head":"<!-- This site is optimized with the Yoast SEO plugin v27.1.1 - https:\/\/yoast.com\/product\/yoast-seo-wordpress\/ -->\n<title>Speaker &#187; ALASCA<\/title>\n<meta name=\"description\" content=\"Nach Ver\u00f6ffentlichung des Programms f\u00fcr den ALASCA Summit 2026 k\u00f6nnt ihr hier unsere Speaker f\u00fcr das Community Event einsehen.\" \/>\n<meta name=\"robots\" content=\"index, follow, max-snippet:-1, max-image-preview:large, max-video-preview:-1\" \/>\n<link rel=\"canonical\" href=\"https:\/\/alasca.cloud\/en\/alasca-summit-2026\/alasca-summit-2026-programme\/alasca-summit-2026-speaker\/\" \/>\n<meta property=\"og:locale\" content=\"en_GB\" \/>\n<meta property=\"og:type\" content=\"article\" \/>\n<meta property=\"og:title\" content=\"Speaker &#187; ALASCA\" \/>\n<meta property=\"og:description\" content=\"Nach Ver\u00f6ffentlichung des Programms f\u00fcr den ALASCA Summit 2026 k\u00f6nnt ihr hier unsere Speaker f\u00fcr das Community Event einsehen.\" \/>\n<meta property=\"og:url\" content=\"https:\/\/alasca.cloud\/en\/alasca-summit-2026\/alasca-summit-2026-programme\/alasca-summit-2026-speaker\/\" \/>\n<meta property=\"og:site_name\" content=\"ALASCA\" \/>\n<meta property=\"article:modified_time\" content=\"2026-03-03T13:42:16+00:00\" \/>\n<meta name=\"twitter:card\" content=\"summary_large_image\" \/>\n<script type=\"application\/ld+json\" class=\"yoast-schema-graph\">{\"@context\":\"https:\/\/schema.org\",\"@graph\":[{\"@type\":\"WebPage\",\"@id\":\"https:\/\/alasca.cloud\/alasca-summit-2026\/alasca-summit-2026-programm\/alasca-summit-2026-speaker\/\",\"url\":\"https:\/\/alasca.cloud\/alasca-summit-2026\/alasca-summit-2026-programm\/alasca-summit-2026-speaker\/\",\"name\":\"Speaker &#187; ALASCA\",\"isPartOf\":{\"@id\":\"https:\/\/alasca.cloud\/#website\"},\"datePublished\":\"2026-02-18T10:51:14+00:00\",\"dateModified\":\"2026-03-03T13:42:16+00:00\",\"description\":\"Nach Ver\u00f6ffentlichung des Programms f\u00fcr den ALASCA Summit 2026 k\u00f6nnt ihr hier unsere Speaker f\u00fcr das Community Event einsehen.\",\"breadcrumb\":{\"@id\":\"https:\/\/alasca.cloud\/alasca-summit-2026\/alasca-summit-2026-programm\/alasca-summit-2026-speaker\/#breadcrumb\"},\"inLanguage\":\"en-GB\",\"potentialAction\":[{\"@type\":\"ReadAction\",\"target\":[\"https:\/\/alasca.cloud\/alasca-summit-2026\/alasca-summit-2026-programm\/alasca-summit-2026-speaker\/\"]}]},{\"@type\":\"BreadcrumbList\",\"@id\":\"https:\/\/alasca.cloud\/alasca-summit-2026\/alasca-summit-2026-programm\/alasca-summit-2026-speaker\/#breadcrumb\",\"itemListElement\":[{\"@type\":\"ListItem\",\"position\":1,\"name\":\"Startseite\",\"item\":\"https:\/\/alasca.cloud\/\"},{\"@type\":\"ListItem\",\"position\":2,\"name\":\"ALASCA Summit 2026\",\"item\":\"https:\/\/alasca.cloud\/alasca-summit-2026\/\"},{\"@type\":\"ListItem\",\"position\":3,\"name\":\"Programm\",\"item\":\"https:\/\/alasca.cloud\/alasca-summit-2026\/alasca-summit-2026-programm\/\"},{\"@type\":\"ListItem\",\"position\":4,\"name\":\"Speaker\"}]},{\"@type\":\"WebSite\",\"@id\":\"https:\/\/alasca.cloud\/#website\",\"url\":\"https:\/\/alasca.cloud\/\",\"name\":\"ALASCA\",\"description\":\"Verband f\u00fcr betriebsf\u00e4hige, offene Cloud-Infrastsrukturen e.V.\",\"publisher\":{\"@id\":\"https:\/\/alasca.cloud\/#organization\"},\"potentialAction\":[{\"@type\":\"SearchAction\",\"target\":{\"@type\":\"EntryPoint\",\"urlTemplate\":\"https:\/\/alasca.cloud\/?s={search_term_string}\"},\"query-input\":{\"@type\":\"PropertyValueSpecification\",\"valueRequired\":true,\"valueName\":\"search_term_string\"}}],\"inLanguage\":\"en-GB\"},{\"@type\":\"Organization\",\"@id\":\"https:\/\/alasca.cloud\/#organization\",\"name\":\"ALASCA e.V.\",\"alternateName\":\"Alasca - Verband f\u00fcr betriebsf\u00e4hige, offene Cloud-Infrastrukturen e.V.\",\"url\":\"https:\/\/alasca.cloud\/\",\"logo\":{\"@type\":\"ImageObject\",\"inLanguage\":\"en-GB\",\"@id\":\"https:\/\/alasca.cloud\/#\/schema\/logo\/image\/\",\"url\":\"https:\/\/alasca.cloud\/wp-content\/uploads\/2022\/08\/favicon.png\",\"contentUrl\":\"https:\/\/alasca.cloud\/wp-content\/uploads\/2022\/08\/favicon.png\",\"width\":512,\"height\":512,\"caption\":\"ALASCA e.V.\"},\"image\":{\"@id\":\"https:\/\/alasca.cloud\/#\/schema\/logo\/image\/\"}}]}<\/script>\n<!-- \/ Yoast SEO plugin. -->","yoast_head_json":{"title":"Speaker \u00bb ALASCA","description":"Once the programme for the ALASCA Summit 2026 has been published, you can view our speakers for the community event here.","robots":{"index":"index","follow":"follow","max-snippet":"max-snippet:-1","max-image-preview":"max-image-preview:large","max-video-preview":"max-video-preview:-1"},"canonical":"https:\/\/alasca.cloud\/en\/alasca-summit-2026\/alasca-summit-2026-programme\/alasca-summit-2026-speaker\/","og_locale":"en_GB","og_type":"article","og_title":"Speaker &#187; ALASCA","og_description":"Nach Ver\u00f6ffentlichung des Programms f\u00fcr den ALASCA Summit 2026 k\u00f6nnt ihr hier unsere Speaker f\u00fcr das Community Event einsehen.","og_url":"https:\/\/alasca.cloud\/en\/alasca-summit-2026\/alasca-summit-2026-programme\/alasca-summit-2026-speaker\/","og_site_name":"ALASCA","article_modified_time":"2026-03-03T13:42:16+00:00","twitter_card":"summary_large_image","schema":{"@context":"https:\/\/schema.org","@graph":[{"@type":"WebPage","@id":"https:\/\/alasca.cloud\/alasca-summit-2026\/alasca-summit-2026-programm\/alasca-summit-2026-speaker\/","url":"https:\/\/alasca.cloud\/alasca-summit-2026\/alasca-summit-2026-programm\/alasca-summit-2026-speaker\/","name":"Speaker \u00bb ALASCA","isPartOf":{"@id":"https:\/\/alasca.cloud\/#website"},"datePublished":"2026-02-18T10:51:14+00:00","dateModified":"2026-03-03T13:42:16+00:00","description":"Once the programme for the ALASCA Summit 2026 has been published, you can view our speakers for the community event here.","breadcrumb":{"@id":"https:\/\/alasca.cloud\/alasca-summit-2026\/alasca-summit-2026-programm\/alasca-summit-2026-speaker\/#breadcrumb"},"inLanguage":"en-GB","potentialAction":[{"@type":"ReadAction","target":["https:\/\/alasca.cloud\/alasca-summit-2026\/alasca-summit-2026-programm\/alasca-summit-2026-speaker\/"]}]},{"@type":"BreadcrumbList","@id":"https:\/\/alasca.cloud\/alasca-summit-2026\/alasca-summit-2026-programm\/alasca-summit-2026-speaker\/#breadcrumb","itemListElement":[{"@type":"ListItem","position":1,"name":"Startseite","item":"https:\/\/alasca.cloud\/"},{"@type":"ListItem","position":2,"name":"ALASCA Summit 2026","item":"https:\/\/alasca.cloud\/alasca-summit-2026\/"},{"@type":"ListItem","position":3,"name":"Programm","item":"https:\/\/alasca.cloud\/alasca-summit-2026\/alasca-summit-2026-programm\/"},{"@type":"ListItem","position":4,"name":"Speaker"}]},{"@type":"WebSite","@id":"https:\/\/alasca.cloud\/#website","url":"https:\/\/alasca.cloud\/","name":"ALASCA","description":"Association for Operable, Open Cloud Infrastructures e.V.","publisher":{"@id":"https:\/\/alasca.cloud\/#organization"},"potentialAction":[{"@type":"SearchAction","target":{"@type":"EntryPoint","urlTemplate":"https:\/\/alasca.cloud\/?s={search_term_string}"},"query-input":{"@type":"PropertyValueSpecification","valueRequired":true,"valueName":"search_term_string"}}],"inLanguage":"en-GB"},{"@type":"Organization","@id":"https:\/\/alasca.cloud\/#organization","name":"ALASCA e.V.","alternateName":"Alasca - Verband f\u00fcr betriebsf\u00e4hige, offene Cloud-Infrastrukturen e.V.","url":"https:\/\/alasca.cloud\/","logo":{"@type":"ImageObject","inLanguage":"en-GB","@id":"https:\/\/alasca.cloud\/#\/schema\/logo\/image\/","url":"https:\/\/alasca.cloud\/wp-content\/uploads\/2022\/08\/favicon.png","contentUrl":"https:\/\/alasca.cloud\/wp-content\/uploads\/2022\/08\/favicon.png","width":512,"height":512,"caption":"ALASCA e.V."},"image":{"@id":"https:\/\/alasca.cloud\/#\/schema\/logo\/image\/"}}]}},"ticketed":false,"_links":{"self":[{"href":"https:\/\/alasca.cloud\/en\/wp-json\/wp\/v2\/pages\/7778","targetHints":{"allow":["GET"]}}],"collection":[{"href":"https:\/\/alasca.cloud\/en\/wp-json\/wp\/v2\/pages"}],"about":[{"href":"https:\/\/alasca.cloud\/en\/wp-json\/wp\/v2\/types\/page"}],"author":[{"embeddable":true,"href":"https:\/\/alasca.cloud\/en\/wp-json\/wp\/v2\/users\/1"}],"replies":[{"embeddable":true,"href":"https:\/\/alasca.cloud\/en\/wp-json\/wp\/v2\/comments?post=7778"}],"version-history":[{"count":19,"href":"https:\/\/alasca.cloud\/en\/wp-json\/wp\/v2\/pages\/7778\/revisions"}],"predecessor-version":[{"id":8148,"href":"https:\/\/alasca.cloud\/en\/wp-json\/wp\/v2\/pages\/7778\/revisions\/8148"}],"up":[{"embeddable":true,"href":"https:\/\/alasca.cloud\/en\/wp-json\/wp\/v2\/pages\/7754"}],"wp:attachment":[{"href":"https:\/\/alasca.cloud\/en\/wp-json\/wp\/v2\/media?parent=7778"}],"curies":[{"name":"wp","href":"https:\/\/api.w.org\/{rel}","templated":true}]}}